{"id":3078,"date":"2022-01-26T13:22:07","date_gmt":"2022-01-26T13:22:07","guid":{"rendered":"https:\/\/gracialive.be\/privacy-cookie-policy\/"},"modified":"2023-10-09T14:20:56","modified_gmt":"2023-10-09T14:20:56","slug":"privacy-cookie-policy","status":"publish","type":"page","link":"https:\/\/gracialive.be\/fr\/privacy-cookie-policy\/","title":{"rendered":"Privacy &#038; Cookie Policy"},"content":{"rendered":"<div class=\"td-page-header\">\n<h1 class=\"entry-title td-page-title\">POLITIQUE DE CONFIDENTIALIT\u00c9<\/h1>\n<\/div>\n<div class=\"td-page-content\">\n<p><strong>1. QUI SOMMES-NOUS ?<\/strong><\/p>\n<p>Gracia SPRL, ayant son si\u00e8ge social Desguinlei 222, 2018 Anvers, Belgique, TVA\u00a0: BE 0817 545 692 est responsable du traitement des donn\u00e9es personnelles comme d\u00e9crit dans cette Politique de confidentialit\u00e9.<\/p>\n<p>Gracia Live organise des concerts et des \u00e9v\u00e9nements en Belgique.<\/p>\n<p>Des concerts, comme notamment\u00a0: Adele, C\u00e9line Dion, Bob Dylan, Neil Young, Paul Simon, Duran Duran, Eros Ramazzotti, Laura Pausini, Seal, Jamiroquai, Cat Stevens, Dream Theater\u2026<\/p>\n<p>Des \u00e9v\u00e9nements, comme notamment\u00a0: Disney On Ice, Top Gear Live, Lord of the Dance, Mayumana, Lord of the Rings in Concert, Harry Potter in Concert, The Art of Banksy<\/p>\n<p><strong>2. CONTACT<\/strong><\/p>\n<p>Nos coordonn\u00e9es sont les suivantes\u00a0:<\/p>\n<p>T\u00e9l.\u00a0: +32\/3 260 94 94<br \/>\nE-mail\u00a0: info@gracialive.be<\/p>\n<p><strong>3. POURQUOI TRAITONS-NOUS VOS DONN\u00c9ES PERSONNELLES\u00a0?<\/strong><\/p>\n<p>Gracia Live traite les informations personnelles de ses clients (potentiels) uniquement dans le cadre de son offre de services.<\/p>\n<p>Gracia Live traite vos donn\u00e9es personnelles \u00e0 des fins de marketing direct, tant pour les clients que les personnes ayant manifest\u00e9 un int\u00e9r\u00eat pour nos services (par exemple les offres sp\u00e9ciales, les r\u00e9ductions pour r\u00e9servation pr\u00e9coce, les VIP early announcements, les annonces en pr\u00e9vente, un artiste ayant un message pour ses fans belges, un concours exclusif pour les fans\u2026).<\/p>\n<p>Nous traitons aussi vos donn\u00e9es personnelles dans le cadre de la gestion des clients, comme la communication concernant un \u00e9v\u00e9nement ou un concert pour lequel vous avez un ticket, la communication d\u2019informations pratiques juste avant un concert, l\u2019annulation d\u2019un \u00e9v\u00e9nement, le suivi du paiement, etc.<\/p>\n<p><strong>4. QUELLES DONN\u00c9ES TRAITONS-NOUS ?<\/strong><\/p>\n<p>Gracia live traite les donn\u00e9es personnelles que nous avons obtenues de vous en direct, ou via des tiers, \u00e0 savoir des entreprises qui fournissent des services de vente de tickets pour des \u00e9v\u00e9nements divers.<\/p>\n<p>Gracia Live traite uniquement les cat\u00e9gories suivantes de donn\u00e9es personnelles, utiles pour une exp\u00e9rience optimale de nos clients (potentiels)\u00a0:<\/p>\n<p>\u2013 Votre nom<br \/>\n\u2013 Votre pr\u00e9nom<br \/>\n\u2013 Votre adresse e-mail<br \/>\n\u2013 Votre adresse<br \/>\n\u2013 Votre pr\u00e9f\u00e9rence linguistique<br \/>\n\u2013 Informations sur les types d\u2019\u00e9v\u00e9nements qui vous int\u00e9ressent<br \/>\n\u2013 Nom &amp; lieu &amp; date de l\u2019\u00e9v\u00e9nement visit\u00e9, la date et l\u2019heure de l\u2019enregistrement.<\/p>\n<p>Notre site web est destin\u00e9 exclusivement aux adultes et donc pas aux enfants. En principe, nous ne recueillons pas de donn\u00e9es personnelles des enfants. Prenez contact avec nous si vous \u00eates un parent ou un tuteur l\u00e9gal et si vous pensez que votre enfant nous a communiqu\u00e9 des donn\u00e9es.<\/p>\n<p><strong>5. SUR QUELLE BASE TRAITONS-NOUS CES DONN\u00c9ES\u00a0?<\/strong><\/p>\n<p>Nous traiterons les donn\u00e9es que vous nous avez communiqu\u00e9es aux fins pr\u00e9cit\u00e9es, parce que\u00a0:<\/p>\n<p>\u2013 c\u2019est n\u00e9cessaire pour ex\u00e9cuter un contrat dont vous \u00eates partie ;<br \/>\n\u2013 vous nous en avez donn\u00e9 l\u2019autorisation en tant que client potentiel\u00a0;<br \/>\n\u2013 nous avons un int\u00e9r\u00eat l\u00e9gitime \u00e0 le faire, \u00e0 savoir que nous essayons de communiquer aussi efficacement que possible sur les \u00e9v\u00e9nements et concerts pour en promouvoir et en optimiser l\u2019organisation. En tant que client, vous serez inform\u00e9 au maximum, dans la mesure du possible, des \u00e9v\u00e9nements et concerts, identiques ou similaires \u00e0 ceux pour lesquels vous avez manifest\u00e9 un int\u00e9r\u00eat.<\/p>\n<p><strong>6.\u00a0 \u00c0 QUI TRANSMETTONS-NOUS VOS DONN\u00c9ES\u00a0?<\/strong><\/p>\n<p>Gracia Live ne transmet pas les donn\u00e9es personnelles, sauf comme d\u00e9crit ci-apr\u00e8s. Nous pouvons partager vos donn\u00e9es personnelles avec\u00a0:<\/p>\n<p>\u2013\u00a0\u00a0\u00a0\u00a0\u00a0\u00a0\u00a0\u00a0\u00a0\u00a0\u00a0 les prestataires, soigneusement s\u00e9lectionn\u00e9s, qui offrent nos services sur la base de nos instructions. Les sous-traitants avec lesquels nous collaborons prennent les mesures techniques et organisationnelles requises pour prot\u00e9ger les donn\u00e9es personnelles.<\/p>\n<p>Nous nous r\u00e9servons le droit de transf\u00e9rer vos donn\u00e9es personnelles en cas de cession compl\u00e8te ou partielle de notre entreprise ou de nos actifs. Dans le cas d\u2019une telle vente ou cession, nous ferons tous les efforts raisonnables pour amener le repreneur \u00e0 utiliser les donn\u00e9es personnelles que vous nous avez confi\u00e9es conform\u00e9ment \u00e0 notre politique en mati\u00e8re de vie priv\u00e9e.<\/p>\n<p><strong>7. PENDANT COMBIEN DE TEMPS CONSERVONS-NOUS VOS DONN\u00c9ES ?<\/strong><\/p>\n<p>Gracia Live ne conservera pas vos donn\u00e9es personnelles plus longtemps que n\u00e9cessaire pour l\u2019objectif pr\u00e9cit\u00e9, compte tenu de notre obligation de r\u00e9pondre aux questions, de r\u00e9soudre les probl\u00e8mes, d\u2019am\u00e9liorer les services et de proposer de nouveaux services, et de respecter les prescriptions l\u00e9gales.<\/p>\n<p>Cela signifie qu\u2019apr\u00e8s votre derni\u00e8re interaction avec Gracia Live, nous pouvons conserver vos donn\u00e9es pendant une dur\u00e9e raisonnable, de maximum 10 ans, \u00e0 compter du dernier concert ou \u00e9v\u00e9nement organis\u00e9 par Gracia Live auquel vous avez assist\u00e9. Ensuite, nous d\u00e9truirons ou supprimerons vos donn\u00e9es de mani\u00e8re s\u00e9curis\u00e9e.<\/p>\n<p><strong>8. QUELS SONT VOS DROITS ?<\/strong><\/p>\n<p>Vous disposez de certains droits et options pour les donn\u00e9es personnelles vous concernant que nous recueillons.<\/p>\n<p>En principe, vous avez le droit de consulter, de corriger ou de supprimer vos donn\u00e9es.<\/p>\n<p>En bas de chaque e-mail que vous recevez se trouve un lien clair, donnant un acc\u00e8s direct \u00e0 toutes vos donn\u00e9es personnelles que nous recueillons.<\/p>\n<p>Vous pouvez y consulter toutes vos donn\u00e9es personnelles, les compl\u00e9ter, les modifier et vous d\u00e9sinscrire de toutes les communications envoy\u00e9es par e-mail par Gracia Live. Nous vous informons explicitement de votre droit de vous opposer \u00e0 tout traitement de vos donn\u00e9es personnelles \u00e0 des fins de direct marketing.<\/p>\n<p>La liste de mailing est \u00e9galement associ\u00e9e \u00e0 Facebook, Instagram et Google. Gracia Live ne g\u00e8re pas elle-m\u00eame ces listes. Vous pouvez vous d\u00e9sinscrire de toutes les plates-formes Google, Facebook &amp; Instagram, Twitter et LinkedIn via la Digital Advertising Alliance par exemple\u00a0: http:\/\/optout.aboutads.info\/?c=2#!\/ .<\/p>\n<p>Vous avez \u00e9galement le droit de retirer l\u2019autorisation que vous avez \u00e9ventuellement accord\u00e9e pour le traitement de vos donn\u00e9es, ou de vous opposer au traitement de vos donn\u00e9es personnelles par Gracia Live et de c\u00e9der vos donn\u00e9es. Cela signifie que vous pouvez nous demander de vous envoyer, ou d\u2019envoyer \u00e0 une autre organisation dont vous nous communiquez le nom, les donn\u00e9es personnelles dont nous disposons vous concernant dans un fichier de donn\u00e9es.<\/p>\n<p>Vous pouvez nous envoyer votre demande de consultation, correction, suppression, transfert de vos donn\u00e9es personnelles ou votre demande de retrait de votre autorisation ou votre opposition au traitement de vos donn\u00e9es personnelles \u00e0 info@gracialive.be.<\/p>\n<p>Pour nous assurer que la demande \u00e9mane bien de vous, nous vous prions de nous envoyer une copie de votre preuve d\u2019identit\u00e9 avec la demande. Sur cette copie, masquez votre photo d\u2019identit\u00e9, la MRZ (machine readable zone, la bande avec les num\u00e9ros dans le bas du passeport), votre num\u00e9ro de passeport et votre num\u00e9ro de registre national. Ceci afin de prot\u00e9ger votre vie priv\u00e9e.<\/p>\n<p>Gracia Live t\u00e2chera de r\u00e9agir \u00e0 votre demande au plus vite, mais en tout cas dans les trente jours.<\/p>\n<p>Gracia Live vous informe \u00e9galement que vous avez la possibilit\u00e9 d\u2019introduire une plainte aupr\u00e8s de l\u2019instance nationale de contr\u00f4le. Voici ses coordonn\u00e9es\u00a0:<\/p>\n<p>Commission de la protection de la vie priv\u00e9e<br \/>\n35 rue de la presse, 1000 Bruxelles<br \/>\n+32 (0)2 274 48 00<br \/>\n+32 (0)2 274 48 35<br \/>\ncommission@privacycommission.be<\/p>\n<\/div>\n<p>&nbsp;<\/p>\n<p>&nbsp;<\/p>\n<div class=\"td-page-header\">\n<h1 class=\"entry-title td-page-title\">POLITIQUE APPLICABLE AUX COOKIES<\/h1>\n<\/div>\n<div class=\"td-page-content\">\n<ol>\n<li><strong>L\u2019ENTREPRISE<\/strong><\/li>\n<\/ol>\n<p>Le site web www.gracialive.be est la propri\u00e9t\u00e9 de Gracia SPRL<\/p>\n<p>Gracia SPRL, ayant son si\u00e8ge social Desguinlei 222, 2018 Anvers, Belgique, TVA\u00a0: BE 0817 545 692 est responsable du traitement des donn\u00e9es comme d\u00e9crit dans cette Politique applicable aux cookies.<\/p>\n<ol start=\"2\">\n<li><strong>L\u2019ENTREPRISE GRACIA LIVE<\/strong><\/li>\n<\/ol>\n<p>Gracia Live organise des concerts et des \u00e9v\u00e9nements en Belgique.<\/p>\n<p>Des concerts, comme notamment\u00a0: Adele, C\u00e9line Dion, Bob Dylan, Neil Young, Paul Simon, Duran Duran, Eros Ramazzotti, Laura Pausini, Seal, Jamiroquai, Cat Stevens, Dream Theater\u2026<\/p>\n<p>Des \u00e9v\u00e9nements, comme notamment\u00a0: Disney On Ice, Top Gear Live, Lord of the Dance, Mayumana, Lord of the Rings in Concert, Harry Potter in Concert, The Art of Banksy<\/p>\n<ol start=\"3\">\n<li><strong>CONTACT<\/strong><\/li>\n<\/ol>\n<p>T\u00e9l.\u00a0: +32\/3 260 94 94<\/p>\n<p>E-mail\u00a0: info@gracialive.be<\/p>\n<ol start=\"4\">\n<li><strong>QU\u2019EST-CE QU\u2019UN COOKIE ?<\/strong><\/li>\n<\/ol>\n<p>Lorsque l\u2019utilisateur visite www.gracialive.be, des cookies peuvent \u00eatre install\u00e9s sur son ordinateur ou son appareil mobile. Un cookie est un fichier conservant des informations sur le comportement de navigation de l\u2019utilisateur. Il est utilis\u00e9 pour optimiser l\u2019exp\u00e9rience de navigation.<\/p>\n<ol start=\"5\">\n<li><strong>QUELS TYPES DE COOKIES\u00a0?<\/strong><\/li>\n<\/ol>\n<p>Il existe diff\u00e9rents types de cookies, ayant leurs propres caract\u00e9ristiques et finalit\u00e9s.<\/p>\n<p>Gracia Live utilise des cookies pour montrer aux utilisateurs de son site web des informations et annonces personnalis\u00e9es. Gracia Live utilise donc des cookies pour personnaliser le contenu ou la publicit\u00e9 de son site web. Les offres sp\u00e9ciales, les r\u00e9ductions pour r\u00e9servation pr\u00e9coce, les VIP early announcements, les annonces en pr\u00e9vente, les informations pratiques juste avant un concert, l\u2019annulation d\u2019un \u00e9v\u00e9nement, un artiste ayant un message pour ses fans belges, un concours exclusif pour les fans sont quelques exemples de messages que Gracia Live envoie via des campagnes aux internautes apr\u00e8s avoir plac\u00e9 des cookies.<\/p>\n<p>Les cookies peuvent \u00eatre plac\u00e9s par Gracia Live comme par d\u2019autres parties. Pour cette derni\u00e8re cat\u00e9gorie, les third party cookies, nous autorisons les tiers suivants, notamment, \u00e0 placer des cookies sur notre site web\u00a0:<\/p>\n<p>\u2013 Google Analytics<br \/>\n\u2013 Youtube &amp; Google Adwords<br \/>\n\u2013 Facebook &amp; Instagram<br \/>\n\u2013 Twitter<br \/>\n\u2013 LinkedIn<\/p>\n<p>Pour les cookies que placent ces tiers et les donn\u00e9es qu\u2019ils r\u00e9coltent avec ceux-ci, les conditions de ces parties sont d\u2019application. Gracia Live n\u2019est pas responsable des conditions de tiers. Gracia Live r\u00e9f\u00e8re aux conditions des parties suivantes\u00a0: Facebook, Twitter, Google+, Twitter, LinkedIn, Pinterest.<\/p>\n<p>Le site web de Gracia Live utilise Google Analytics, un service d\u2019analyse web propos\u00e9 par Google Inc. (\u201cGoogle\u201d). Google Analytics utilise des \u2018cookies\u2019 (des fichiers de texte qui sont install\u00e9s sur l\u2019ordinateur de l\u2019utilisateur) qui permettent d\u2019analyser la mani\u00e8re dont les utilisateurs utilisent le site. Les informations g\u00e9n\u00e9r\u00e9es par le cookie sur l\u2019utilisation du site (y compris l\u2019adresse IP) sont transmises \u00e0 Google qui les stocke sur des serveurs aux \u00c9tats-Unis. Google utilise ces informations pour savoir comment le site est utilis\u00e9, pour r\u00e9diger des rapports sur l\u2019activit\u00e9 du site \u00e0 l\u2019attention des exploitants de sites et pour proposer d\u2019autres services concernant l\u2019activit\u00e9 sur le site et l\u2019utilisation de l\u2019Internet. Google peut communiquer ces informations \u00e0 des tiers si la loi l\u2019y oblige ou \u00e0 condition que ces tiers traitent ces informations au nom de Google. Google ne combinera pas votre adresse IP avec d\u2019autres donn\u00e9es \u00e0 sa disposition.<\/p>\n<ol start=\"6\">\n<li><strong>AUTORISATION \u2013 OPT-OUT POUR LES COOKIES<\/strong><\/li>\n<\/ol>\n<p>En utilisant ce site web, vous acceptez que nous utilisions des cookies. Vous autorisez \u00e9galement le traitement des informations par des tiers, de la fa\u00e7on et aux fins expos\u00e9es ci-dessus.<\/p>\n<p>Vous pouvez \u00e0 tout moment d\u00e9sactiver tous les cookies install\u00e9s via les param\u00e8tres de votre navigateur (souvent sous \u2018Aide\u2019 ou \u2018Options internet\u2019) ou les supprimer de votre ordinateur ou appareil mobile. Chaque type de navigateur poss\u00e8de ses propres options pour g\u00e9rer les cookies. Vous retrouverez les informations sur le site web du navigateur que vous utilisez. Tenez compte du fait que certains \u00e9l\u00e9ments graphiques peuvent ne plus s\u2019afficher correctement ou que vous ne pourrez plus utiliser certaines applications.<\/p>\n<p>Vous pouvez vous d\u00e9sinscrire de toutes les plates-formes Google, Facebook &amp; Instagram, Twitter et LinkedIn, par exemple via la Digital Advertising Alliance\u00a0:\u00a0<a href=\"http:\/\/optout.aboutads.info\/?c=2#!\/\">http:\/\/optout.aboutads.info\/?c=2#!\/<\/a><\/p>\n<p>L\u2019utilisation de certains cookies implique que des donn\u00e9es personnelles soient \u00e9galement trait\u00e9es. Vous trouverez davantage d\u2019informations sur la fa\u00e7on dont Gracia Live g\u00e8re vos donn\u00e9es dans notre Politique de confidentialit\u00e9.<\/p>\n<\/div>\n","protected":false},"excerpt":{"rendered":"<p>POLITIQUE DE CONFIDENTIALIT\u00c9 1. QUI SOMMES-NOUS ? Gracia SPRL, ayant son si\u00e8ge social Desguinlei 222, 2018 Anvers, Belgique, TVA\u00a0: BE 0817 545 692 est responsable du traitement des donn\u00e9es personnelles comme d\u00e9crit dans cette Politique de confidentialit\u00e9. Gracia Live organise des concerts et des \u00e9v\u00e9nements en Belgique. Des concerts, comme notamment\u00a0: Adele, C\u00e9line Dion, Bob &hellip; <\/p>\n<p class=\"link-more\"><a href=\"https:\/\/gracialive.be\/fr\/privacy-cookie-policy\/\" class=\"more-link\">Continuer la lecture <span class=\"screen-reader-text\"> \u00ab\u00a0Privacy &#038; Cookie Policy\u00a0\u00bb<\/span><\/a><\/p>\n","protected":false},"author":17,"featured_media":0,"parent":0,"menu_order":0,"comment_status":"closed","ping_status":"closed","template":"","meta":{"footnotes":""},"yoast_head":"<!-- This site is optimized with the Yoast SEO Premium plugin v21.5 (Yoast SEO v21.5) - https:\/\/yoast.com\/wordpress\/plugins\/seo\/ -->\n<title>Gracia Live | Politique de Confidentialit\u00e9<\/title>\n<meta name=\"description\" content=\"D\u00e9couvrez notre Politique de confidentialit\u00e9. Votre vie priv\u00e9e est importante pour nous. Apprenez-en plus sur l&#039;utilisation de vos donn\u00e9es.\" \/>\n<meta name=\"robots\" content=\"index, follow, max-snippet:-1, max-image-preview:large, max-video-preview:-1\" \/>\n<link rel=\"canonical\" href=\"https:\/\/gracialive.be\/fr\/privacy-cookie-policy\/\" \/>\n<meta property=\"og:locale\" content=\"fr_FR\" \/>\n<meta property=\"og:type\" content=\"article\" \/>\n<meta property=\"og:title\" content=\"Privacy &amp; Cookie Policy\" \/>\n<meta property=\"og:description\" content=\"D\u00e9couvrez notre Politique de confidentialit\u00e9. Votre vie priv\u00e9e est importante pour nous. Apprenez-en plus sur l&#039;utilisation de vos donn\u00e9es.\" \/>\n<meta property=\"og:url\" content=\"https:\/\/gracialive.be\/fr\/privacy-cookie-policy\/\" \/>\n<meta property=\"og:site_name\" content=\"Gracia Live\" \/>\n<meta property=\"article:publisher\" content=\"https:\/\/www.facebook.com\/gracialivebelgium\" \/>\n<meta property=\"article:modified_time\" content=\"2023-10-09T14:20:56+00:00\" \/>\n<meta name=\"twitter:card\" content=\"summary_large_image\" \/>\n<meta name=\"twitter:site\" content=\"@GRACIALIVEBEL\" \/>\n<meta name=\"twitter:label1\" content=\"Dur\u00e9e de lecture estim\u00e9e\" \/>\n\t<meta name=\"twitter:data1\" content=\"9 minutes\" \/>\n<script type=\"application\/ld+json\" class=\"yoast-schema-graph\">{\"@context\":\"https:\/\/schema.org\",\"@graph\":[{\"@type\":\"WebPage\",\"@id\":\"https:\/\/gracialive.be\/fr\/privacy-cookie-policy\/\",\"url\":\"https:\/\/gracialive.be\/fr\/privacy-cookie-policy\/\",\"name\":\"Gracia Live | Politique de Confidentialit\u00e9\",\"isPartOf\":{\"@id\":\"https:\/\/gracialive.be\/#website\"},\"datePublished\":\"2022-01-26T13:22:07+00:00\",\"dateModified\":\"2023-10-09T14:20:56+00:00\",\"description\":\"D\u00e9couvrez notre Politique de confidentialit\u00e9. Votre vie priv\u00e9e est importante pour nous. Apprenez-en plus sur l'utilisation de vos donn\u00e9es.\",\"breadcrumb\":{\"@id\":\"https:\/\/gracialive.be\/fr\/privacy-cookie-policy\/#breadcrumb\"},\"inLanguage\":\"fr-FR\",\"potentialAction\":[{\"@type\":\"ReadAction\",\"target\":[\"https:\/\/gracialive.be\/fr\/privacy-cookie-policy\/\"]}]},{\"@type\":\"BreadcrumbList\",\"@id\":\"https:\/\/gracialive.be\/fr\/privacy-cookie-policy\/#breadcrumb\",\"itemListElement\":[{\"@type\":\"ListItem\",\"position\":1,\"name\":\"Home\",\"item\":\"https:\/\/gracialive.be\/fr\/\"},{\"@type\":\"ListItem\",\"position\":2,\"name\":\"Privacy &#038; Cookie Policy\"}]},{\"@type\":\"WebSite\",\"@id\":\"https:\/\/gracialive.be\/#website\",\"url\":\"https:\/\/gracialive.be\/\",\"name\":\"Gracia Live\",\"description\":\"Concert en Event Promotor Belgium\",\"publisher\":{\"@id\":\"https:\/\/gracialive.be\/#organization\"},\"potentialAction\":[{\"@type\":\"SearchAction\",\"target\":{\"@type\":\"EntryPoint\",\"urlTemplate\":\"https:\/\/gracialive.be\/?s={search_term_string}\"},\"query-input\":\"required name=search_term_string\"}],\"inLanguage\":\"fr-FR\"},{\"@type\":\"Organization\",\"@id\":\"https:\/\/gracialive.be\/#organization\",\"name\":\"Gracia Live\",\"url\":\"https:\/\/gracialive.be\/\",\"logo\":{\"@type\":\"ImageObject\",\"inLanguage\":\"fr-FR\",\"@id\":\"https:\/\/gracialive.be\/#\/schema\/logo\/image\/\",\"url\":\"https:\/\/gracialive.be\/wp-content\/uploads\/2022\/01\/cropped-GL-500x300_zwart.png\",\"contentUrl\":\"https:\/\/gracialive.be\/wp-content\/uploads\/2022\/01\/cropped-GL-500x300_zwart.png\",\"width\":512,\"height\":512,\"caption\":\"Gracia Live\"},\"image\":{\"@id\":\"https:\/\/gracialive.be\/#\/schema\/logo\/image\/\"},\"sameAs\":[\"https:\/\/www.facebook.com\/gracialivebelgium\",\"https:\/\/twitter.com\/GRACIALIVEBEL\",\"https:\/\/www.instagram.com\/gracialive_belgium\/\"]}]}<\/script>\n<!-- \/ Yoast SEO Premium plugin. -->","yoast_head_json":{"title":"Gracia Live | Politique de Confidentialit\u00e9","description":"D\u00e9couvrez notre Politique de confidentialit\u00e9. Votre vie priv\u00e9e est importante pour nous. Apprenez-en plus sur l'utilisation de vos donn\u00e9es.","robots":{"index":"index","follow":"follow","max-snippet":"max-snippet:-1","max-image-preview":"max-image-preview:large","max-video-preview":"max-video-preview:-1"},"canonical":"https:\/\/gracialive.be\/fr\/privacy-cookie-policy\/","og_locale":"fr_FR","og_type":"article","og_title":"Privacy & Cookie Policy","og_description":"D\u00e9couvrez notre Politique de confidentialit\u00e9. Votre vie priv\u00e9e est importante pour nous. Apprenez-en plus sur l'utilisation de vos donn\u00e9es.","og_url":"https:\/\/gracialive.be\/fr\/privacy-cookie-policy\/","og_site_name":"Gracia Live","article_publisher":"https:\/\/www.facebook.com\/gracialivebelgium","article_modified_time":"2023-10-09T14:20:56+00:00","twitter_card":"summary_large_image","twitter_site":"@GRACIALIVEBEL","twitter_misc":{"Dur\u00e9e de lecture estim\u00e9e":"9 minutes"},"schema":{"@context":"https:\/\/schema.org","@graph":[{"@type":"WebPage","@id":"https:\/\/gracialive.be\/fr\/privacy-cookie-policy\/","url":"https:\/\/gracialive.be\/fr\/privacy-cookie-policy\/","name":"Gracia Live | Politique de Confidentialit\u00e9","isPartOf":{"@id":"https:\/\/gracialive.be\/#website"},"datePublished":"2022-01-26T13:22:07+00:00","dateModified":"2023-10-09T14:20:56+00:00","description":"D\u00e9couvrez notre Politique de confidentialit\u00e9. Votre vie priv\u00e9e est importante pour nous. Apprenez-en plus sur l'utilisation de vos donn\u00e9es.","breadcrumb":{"@id":"https:\/\/gracialive.be\/fr\/privacy-cookie-policy\/#breadcrumb"},"inLanguage":"fr-FR","potentialAction":[{"@type":"ReadAction","target":["https:\/\/gracialive.be\/fr\/privacy-cookie-policy\/"]}]},{"@type":"BreadcrumbList","@id":"https:\/\/gracialive.be\/fr\/privacy-cookie-policy\/#breadcrumb","itemListElement":[{"@type":"ListItem","position":1,"name":"Home","item":"https:\/\/gracialive.be\/fr\/"},{"@type":"ListItem","position":2,"name":"Privacy &#038; Cookie Policy"}]},{"@type":"WebSite","@id":"https:\/\/gracialive.be\/#website","url":"https:\/\/gracialive.be\/","name":"Gracia Live","description":"Concert en Event Promotor Belgium","publisher":{"@id":"https:\/\/gracialive.be\/#organization"},"potentialAction":[{"@type":"SearchAction","target":{"@type":"EntryPoint","urlTemplate":"https:\/\/gracialive.be\/?s={search_term_string}"},"query-input":"required name=search_term_string"}],"inLanguage":"fr-FR"},{"@type":"Organization","@id":"https:\/\/gracialive.be\/#organization","name":"Gracia Live","url":"https:\/\/gracialive.be\/","logo":{"@type":"ImageObject","inLanguage":"fr-FR","@id":"https:\/\/gracialive.be\/#\/schema\/logo\/image\/","url":"https:\/\/gracialive.be\/wp-content\/uploads\/2022\/01\/cropped-GL-500x300_zwart.png","contentUrl":"https:\/\/gracialive.be\/wp-content\/uploads\/2022\/01\/cropped-GL-500x300_zwart.png","width":512,"height":512,"caption":"Gracia Live"},"image":{"@id":"https:\/\/gracialive.be\/#\/schema\/logo\/image\/"},"sameAs":["https:\/\/www.facebook.com\/gracialivebelgium","https:\/\/twitter.com\/GRACIALIVEBEL","https:\/\/www.instagram.com\/gracialive_belgium\/"]}]}},"acf":[],"_links":{"self":[{"href":"https:\/\/gracialive.be\/fr\/wp-json\/wp\/v2\/pages\/3078"}],"collection":[{"href":"https:\/\/gracialive.be\/fr\/wp-json\/wp\/v2\/pages"}],"about":[{"href":"https:\/\/gracialive.be\/fr\/wp-json\/wp\/v2\/types\/page"}],"author":[{"embeddable":true,"href":"https:\/\/gracialive.be\/fr\/wp-json\/wp\/v2\/users\/17"}],"replies":[{"embeddable":true,"href":"https:\/\/gracialive.be\/fr\/wp-json\/wp\/v2\/comments?post=3078"}],"version-history":[{"count":4,"href":"https:\/\/gracialive.be\/fr\/wp-json\/wp\/v2\/pages\/3078\/revisions"}],"predecessor-version":[{"id":22764,"href":"https:\/\/gracialive.be\/fr\/wp-json\/wp\/v2\/pages\/3078\/revisions\/22764"}],"wp:attachment":[{"href":"https:\/\/gracialive.be\/fr\/wp-json\/wp\/v2\/media?parent=3078"}],"curies":[{"name":"wp","href":"https:\/\/api.w.org\/{rel}","templated":true}]}}