{"id":3077,"date":"2022-01-26T13:24:24","date_gmt":"2022-01-26T13:24:24","guid":{"rendered":"https:\/\/gracialive.be\/algemene-voorwaarden\/"},"modified":"2023-10-09T14:08:45","modified_gmt":"2023-10-09T14:08:45","slug":"algemene-voorwaarden","status":"publish","type":"page","link":"https:\/\/gracialive.be\/fr\/algemene-voorwaarden\/","title":{"rendered":"Conditions G\u00e9n\u00e9rales"},"content":{"rendered":"<div class=\"td-page-header\">\n<h1 class=\"entry-title td-page-title\">CONDITIONS G\u00c9N\u00c9RALES D\u2019UTILISATION<\/h1>\n<\/div>\n<div class=\"td-page-content\">\n<ol>\n<li><strong>LE SITE WEB<\/strong><\/li>\n<\/ol>\n<p>Le site web\u00a0<a href=\"http:\/\/www.gracialive.be\/\">www.gracialive.be<\/a>\u00a0est la propri\u00e9t\u00e9 de Gracia SPRL<\/p>\n<p>Adresse\u00a0: Desguinlei 222, 2018 Anvers, Belgique.<br \/>\nTVA\u00a0: BE 0817 545 692<\/p>\n<ol start=\"2\">\n<li><strong>L\u2019ENTREPRISE GRACIA LIVE<\/strong><\/li>\n<\/ol>\n<p>Gracia Live organise des concerts et des \u00e9v\u00e9nements en Belgique.<\/p>\n<p>Des concerts, comme notamment\u00a0: Adele, C\u00e9line Dion, Bob Dylan, Neil Young, Paul Simon, Duran Duran, Eros Ramazzotti, Laura Pausini, Seal, Jamiroquai, Cat Stevens, Dream Theater\u2026<\/p>\n<p>Des \u00e9v\u00e9nements, comme notamment\u00a0: Disney On Ice, Top Gear Live, Lord of the Dance, Mayumana, Lord of the Rings in Concert, Harry Potter in Concert, The Art of Banksy<\/p>\n<ol start=\"3\">\n<li><strong>CONTACT<\/strong><\/li>\n<\/ol>\n<p>T\u00e9l.\u00a0: +32\/3 260 94 94<\/p>\n<p>E-mail\u00a0: info@gracialive.be<\/p>\n<ol start=\"4\">\n<li><strong>CONDITIONS G\u00c9N\u00c9RALES D\u2019UTILISATION DE NOTRE SITE WEB<\/strong><\/li>\n<\/ol>\n<p>L\u2019utilisation de ce site web implique l\u2019acceptation compl\u00e8te des Conditions g\u00e9n\u00e9rales d\u2019utilisation de notre site web, pr\u00e9sent\u00e9es ici. Les pr\u00e9sentes Conditions g\u00e9n\u00e9rales d\u2019utilisation peuvent \u00eatre modifi\u00e9es et compl\u00e9t\u00e9es au fil du temps. Nous recommandons aux utilisateurs de les consulter r\u00e9guli\u00e8rement.<\/p>\n<p>Normalement, le site web est toujours accessible pour nos utilisateurs. Mais une interruption inopin\u00e9e est possible, pour cause d\u2019entretien technique par exemple. Notre site web est actualis\u00e9 en permanence, mais certaines actualisations peuvent \u00eatre r\u00e9alis\u00e9es en retard. Il se peut donc que les renseignements fournis sur ce site web soient incomplets ou d\u00e9pass\u00e9s. Nous mettons tout en \u0153uvre pour garder les informations actualis\u00e9es sur ce site web, mais nous d\u00e9clinons toute responsabilit\u00e9 pour les erreurs \u00e9ventuelles.<\/p>\n<p>Gracia Live ne peut en aucun cas \u00eatre tenue pour responsable, vis-\u00e0-vis de qui que ce soit, de mani\u00e8re directe ou indirecte, particuli\u00e8re ou autre, pour les dommages dus \u00e0 l\u2019utilisation de ce site web ou d\u2019un autre, notamment via des liens (hypertexte), y compris toutes les pertes, interruptions de travail, dommages apport\u00e9s aux programmes ou autres donn\u00e9es du syst\u00e8me informatique, des appareils, programmes ou autres de l\u2019utilisateur, et cette liste n\u2019est pas exhaustive.<\/p>\n<p>Les utilisateurs s\u2019engagent \u00e0 ne pas utiliser le contenu de notre site web \u00e0 des fins ill\u00e9gales et \u00e0 ne pas porter pr\u00e9judice \u00e0 notre site web et \u00e0 notre entreprise par une quelconque activit\u00e9 sur notre site web.<\/p>\n<ol start=\"5\">\n<li><strong>POLITIQUE DE VIE PRIV\u00c9E CONFORM\u00c9MENT AU GDPR<\/strong><\/li>\n<\/ol>\n<p>Pour ce qui concerne le traitement de vos donn\u00e9es personnelles, reportez-vous \u00e0 notre D\u00e9claration relative \u00e0 la vie priv\u00e9e, que vous trouverez\u00a0<a href=\"https:\/\/gracialive.be\/fr\/politique-de-confidentialite\/\">ici.<\/a><\/p>\n<ol start=\"6\">\n<li><strong>POLITIQUE APPLICABLE AUX COOKIES, CONFORM\u00c9MENT AU GDPR<\/strong><\/li>\n<\/ol>\n<p>Lorsque l\u2019utilisateur visite\u00a0<a href=\"http:\/\/www.gracialive.be\/\">www.gracialive.be<\/a>, des cookies peuvent \u00eatre install\u00e9s sur son ordinateur. Vous trouverez davantage de d\u00e9tails dans notre\u00a0<a href=\"https:\/\/gracialive.be\/fr\/politique-de-confidentialite\/\">Politique applicable aux cookies<\/a>.<\/p>\n<ol start=\"7\">\n<li><strong>LIENS HYPERTEXTE<\/strong><\/li>\n<\/ol>\n<p>Le site web www.gracialive.be comporte de nombreux liens hypertexte vers d\u2019autres sites web. Gracia Live d\u00e9clare explicitement n\u2019avoir aucun contr\u00f4le sur le contenu ou d\u2019autres caract\u00e9ristiques de ces sites web et ne peut en aucun cas \u00eatre tenue pour responsable de leur contenu ou de leurs caract\u00e9ristiques ou de toute forme de dommage d\u00fb \u00e0 leur utilisation.<\/p>\n<ol start=\"8\">\n<li><strong>Droits de propri\u00e9t\u00e9 intellectuelle<\/strong><\/li>\n<\/ol>\n<p>Le contenu de ce site, y compris les marques, logos, dessins, donn\u00e9es, noms de produits ou d\u2019entreprises, textes, images, etc., est prot\u00e9g\u00e9 par les droits de propri\u00e9t\u00e9 intellectuelle et est la propri\u00e9t\u00e9 de Gracia Live ou des tiers titulaires de ces droits.<\/p>\n<\/div>\n","protected":false},"excerpt":{"rendered":"<p>CONDITIONS G\u00c9N\u00c9RALES D\u2019UTILISATION LE SITE WEB Le site web\u00a0www.gracialive.be\u00a0est la propri\u00e9t\u00e9 de Gracia SPRL Adresse\u00a0: Desguinlei 222, 2018 Anvers, Belgique. TVA\u00a0: BE 0817 545 692 L\u2019ENTREPRISE GRACIA LIVE Gracia Live organise des concerts et des \u00e9v\u00e9nements en Belgique. Des concerts, comme notamment\u00a0: Adele, C\u00e9line Dion, Bob Dylan, Neil Young, Paul Simon, Duran Duran, Eros Ramazzotti, &hellip; <\/p>\n<p class=\"link-more\"><a href=\"https:\/\/gracialive.be\/fr\/algemene-voorwaarden\/\" class=\"more-link\">Continuer la lecture <span class=\"screen-reader-text\"> \u00ab\u00a0Conditions G\u00e9n\u00e9rales\u00a0\u00bb<\/span><\/a><\/p>\n","protected":false},"author":17,"featured_media":0,"parent":0,"menu_order":0,"comment_status":"closed","ping_status":"closed","template":"","meta":{"footnotes":""},"yoast_head":"<!-- This site is optimized with the Yoast SEO Premium plugin v21.5 (Yoast SEO v21.5) - https:\/\/yoast.com\/wordpress\/plugins\/seo\/ -->\n<title>Gracia Live | Conditions G\u00e9n\u00e9rales<\/title>\n<meta name=\"description\" content=\"D\u00e9couvrez nos Conditions G\u00e9n\u00e9rales d&#039;Utilisation. Consultez nos r\u00e8gles pour une exp\u00e9rience en toute transparence !\" \/>\n<meta name=\"robots\" content=\"index, follow, max-snippet:-1, max-image-preview:large, max-video-preview:-1\" \/>\n<link rel=\"canonical\" href=\"https:\/\/gracialive.be\/fr\/algemene-voorwaarden\/\" \/>\n<meta property=\"og:locale\" content=\"fr_FR\" \/>\n<meta property=\"og:type\" content=\"article\" \/>\n<meta property=\"og:title\" content=\"Conditions G\u00e9n\u00e9rales\" \/>\n<meta property=\"og:description\" content=\"D\u00e9couvrez nos Conditions G\u00e9n\u00e9rales d&#039;Utilisation. Consultez nos r\u00e8gles pour une exp\u00e9rience en toute transparence !\" \/>\n<meta property=\"og:url\" content=\"https:\/\/gracialive.be\/fr\/algemene-voorwaarden\/\" \/>\n<meta property=\"og:site_name\" content=\"Gracia Live\" \/>\n<meta property=\"article:publisher\" content=\"https:\/\/www.facebook.com\/gracialivebelgium\" \/>\n<meta property=\"article:modified_time\" content=\"2023-10-09T14:08:45+00:00\" \/>\n<meta name=\"twitter:card\" content=\"summary_large_image\" \/>\n<meta name=\"twitter:site\" content=\"@GRACIALIVEBEL\" \/>\n<meta name=\"twitter:label1\" content=\"Dur\u00e9e de lecture estim\u00e9e\" \/>\n\t<meta name=\"twitter:data1\" content=\"3 minutes\" \/>\n<script type=\"application\/ld+json\" class=\"yoast-schema-graph\">{\"@context\":\"https:\/\/schema.org\",\"@graph\":[{\"@type\":\"WebPage\",\"@id\":\"https:\/\/gracialive.be\/fr\/algemene-voorwaarden\/\",\"url\":\"https:\/\/gracialive.be\/fr\/algemene-voorwaarden\/\",\"name\":\"Gracia Live | Conditions G\u00e9n\u00e9rales\",\"isPartOf\":{\"@id\":\"https:\/\/gracialive.be\/#website\"},\"datePublished\":\"2022-01-26T13:24:24+00:00\",\"dateModified\":\"2023-10-09T14:08:45+00:00\",\"description\":\"D\u00e9couvrez nos Conditions G\u00e9n\u00e9rales d'Utilisation. Consultez nos r\u00e8gles pour une exp\u00e9rience en toute transparence !\",\"breadcrumb\":{\"@id\":\"https:\/\/gracialive.be\/fr\/algemene-voorwaarden\/#breadcrumb\"},\"inLanguage\":\"fr-FR\",\"potentialAction\":[{\"@type\":\"ReadAction\",\"target\":[\"https:\/\/gracialive.be\/fr\/algemene-voorwaarden\/\"]}]},{\"@type\":\"BreadcrumbList\",\"@id\":\"https:\/\/gracialive.be\/fr\/algemene-voorwaarden\/#breadcrumb\",\"itemListElement\":[{\"@type\":\"ListItem\",\"position\":1,\"name\":\"Home\",\"item\":\"https:\/\/gracialive.be\/fr\/\"},{\"@type\":\"ListItem\",\"position\":2,\"name\":\"Conditions G\u00e9n\u00e9rales\"}]},{\"@type\":\"WebSite\",\"@id\":\"https:\/\/gracialive.be\/#website\",\"url\":\"https:\/\/gracialive.be\/\",\"name\":\"Gracia Live\",\"description\":\"Concert en Event Promotor Belgium\",\"publisher\":{\"@id\":\"https:\/\/gracialive.be\/#organization\"},\"potentialAction\":[{\"@type\":\"SearchAction\",\"target\":{\"@type\":\"EntryPoint\",\"urlTemplate\":\"https:\/\/gracialive.be\/?s={search_term_string}\"},\"query-input\":\"required name=search_term_string\"}],\"inLanguage\":\"fr-FR\"},{\"@type\":\"Organization\",\"@id\":\"https:\/\/gracialive.be\/#organization\",\"name\":\"Gracia Live\",\"url\":\"https:\/\/gracialive.be\/\",\"logo\":{\"@type\":\"ImageObject\",\"inLanguage\":\"fr-FR\",\"@id\":\"https:\/\/gracialive.be\/#\/schema\/logo\/image\/\",\"url\":\"https:\/\/gracialive.be\/wp-content\/uploads\/2022\/01\/cropped-GL-500x300_zwart.png\",\"contentUrl\":\"https:\/\/gracialive.be\/wp-content\/uploads\/2022\/01\/cropped-GL-500x300_zwart.png\",\"width\":512,\"height\":512,\"caption\":\"Gracia Live\"},\"image\":{\"@id\":\"https:\/\/gracialive.be\/#\/schema\/logo\/image\/\"},\"sameAs\":[\"https:\/\/www.facebook.com\/gracialivebelgium\",\"https:\/\/twitter.com\/GRACIALIVEBEL\",\"https:\/\/www.instagram.com\/gracialive_belgium\/\"]}]}<\/script>\n<!-- \/ Yoast SEO Premium plugin. -->","yoast_head_json":{"title":"Gracia Live | Conditions G\u00e9n\u00e9rales","description":"D\u00e9couvrez nos Conditions G\u00e9n\u00e9rales d'Utilisation. Consultez nos r\u00e8gles pour une exp\u00e9rience en toute transparence !","robots":{"index":"index","follow":"follow","max-snippet":"max-snippet:-1","max-image-preview":"max-image-preview:large","max-video-preview":"max-video-preview:-1"},"canonical":"https:\/\/gracialive.be\/fr\/algemene-voorwaarden\/","og_locale":"fr_FR","og_type":"article","og_title":"Conditions G\u00e9n\u00e9rales","og_description":"D\u00e9couvrez nos Conditions G\u00e9n\u00e9rales d'Utilisation. Consultez nos r\u00e8gles pour une exp\u00e9rience en toute transparence !","og_url":"https:\/\/gracialive.be\/fr\/algemene-voorwaarden\/","og_site_name":"Gracia Live","article_publisher":"https:\/\/www.facebook.com\/gracialivebelgium","article_modified_time":"2023-10-09T14:08:45+00:00","twitter_card":"summary_large_image","twitter_site":"@GRACIALIVEBEL","twitter_misc":{"Dur\u00e9e de lecture estim\u00e9e":"3 minutes"},"schema":{"@context":"https:\/\/schema.org","@graph":[{"@type":"WebPage","@id":"https:\/\/gracialive.be\/fr\/algemene-voorwaarden\/","url":"https:\/\/gracialive.be\/fr\/algemene-voorwaarden\/","name":"Gracia Live | Conditions G\u00e9n\u00e9rales","isPartOf":{"@id":"https:\/\/gracialive.be\/#website"},"datePublished":"2022-01-26T13:24:24+00:00","dateModified":"2023-10-09T14:08:45+00:00","description":"D\u00e9couvrez nos Conditions G\u00e9n\u00e9rales d'Utilisation. Consultez nos r\u00e8gles pour une exp\u00e9rience en toute transparence !","breadcrumb":{"@id":"https:\/\/gracialive.be\/fr\/algemene-voorwaarden\/#breadcrumb"},"inLanguage":"fr-FR","potentialAction":[{"@type":"ReadAction","target":["https:\/\/gracialive.be\/fr\/algemene-voorwaarden\/"]}]},{"@type":"BreadcrumbList","@id":"https:\/\/gracialive.be\/fr\/algemene-voorwaarden\/#breadcrumb","itemListElement":[{"@type":"ListItem","position":1,"name":"Home","item":"https:\/\/gracialive.be\/fr\/"},{"@type":"ListItem","position":2,"name":"Conditions G\u00e9n\u00e9rales"}]},{"@type":"WebSite","@id":"https:\/\/gracialive.be\/#website","url":"https:\/\/gracialive.be\/","name":"Gracia Live","description":"Concert en Event Promotor Belgium","publisher":{"@id":"https:\/\/gracialive.be\/#organization"},"potentialAction":[{"@type":"SearchAction","target":{"@type":"EntryPoint","urlTemplate":"https:\/\/gracialive.be\/?s={search_term_string}"},"query-input":"required name=search_term_string"}],"inLanguage":"fr-FR"},{"@type":"Organization","@id":"https:\/\/gracialive.be\/#organization","name":"Gracia Live","url":"https:\/\/gracialive.be\/","logo":{"@type":"ImageObject","inLanguage":"fr-FR","@id":"https:\/\/gracialive.be\/#\/schema\/logo\/image\/","url":"https:\/\/gracialive.be\/wp-content\/uploads\/2022\/01\/cropped-GL-500x300_zwart.png","contentUrl":"https:\/\/gracialive.be\/wp-content\/uploads\/2022\/01\/cropped-GL-500x300_zwart.png","width":512,"height":512,"caption":"Gracia Live"},"image":{"@id":"https:\/\/gracialive.be\/#\/schema\/logo\/image\/"},"sameAs":["https:\/\/www.facebook.com\/gracialivebelgium","https:\/\/twitter.com\/GRACIALIVEBEL","https:\/\/www.instagram.com\/gracialive_belgium\/"]}]}},"acf":[],"_links":{"self":[{"href":"https:\/\/gracialive.be\/fr\/wp-json\/wp\/v2\/pages\/3077"}],"collection":[{"href":"https:\/\/gracialive.be\/fr\/wp-json\/wp\/v2\/pages"}],"about":[{"href":"https:\/\/gracialive.be\/fr\/wp-json\/wp\/v2\/types\/page"}],"author":[{"embeddable":true,"href":"https:\/\/gracialive.be\/fr\/wp-json\/wp\/v2\/users\/17"}],"replies":[{"embeddable":true,"href":"https:\/\/gracialive.be\/fr\/wp-json\/wp\/v2\/comments?post=3077"}],"version-history":[{"count":2,"href":"https:\/\/gracialive.be\/fr\/wp-json\/wp\/v2\/pages\/3077\/revisions"}],"predecessor-version":[{"id":22765,"href":"https:\/\/gracialive.be\/fr\/wp-json\/wp\/v2\/pages\/3077\/revisions\/22765"}],"wp:attachment":[{"href":"https:\/\/gracialive.be\/fr\/wp-json\/wp\/v2\/media?parent=3077"}],"curies":[{"name":"wp","href":"https:\/\/api.w.org\/{rel}","templated":true}]}}