{"id":28726,"date":"2024-02-17T09:07:52","date_gmt":"2024-02-17T08:07:52","guid":{"rendered":"https:\/\/gracialive.be\/?page_id=28726"},"modified":"2024-02-17T11:35:45","modified_gmt":"2024-02-17T10:35:45","slug":"doi2025-fr","status":"publish","type":"page","link":"https:\/\/gracialive.be\/fr\/doi2025-fr\/","title":{"rendered":"Disney On Ice"},"content":{"rendered":"\t\t<div data-elementor-type=\"wp-page\" data-elementor-id=\"28726\" class=\"elementor elementor-28726 elementor-28546\" data-elementor-post-type=\"page\">\n\t\t\t\t\t\t<section class=\"has_eae_slider elementor-section elementor-top-section elementor-element elementor-element-0de2773 elementor-section-full_width elementor-section-height-default elementor-section-height-default\" data-id=\"0de2773\" data-element_type=\"section\" data-settings=\"{&quot;jet_parallax_layout_list&quot;:[],&quot;background_background&quot;:&quot;classic&quot;}\">\n\t\t\t\t\t\t<div class=\"elementor-container elementor-column-gap-default\">\n\t\t\t\t\t<div class=\"has_eae_slider elementor-column elementor-col-100 elementor-top-column elementor-element elementor-element-67a4ff8\" data-id=\"67a4ff8\" data-element_type=\"column\">\n\t\t\t<div class=\"elementor-widget-wrap elementor-element-populated\">\n\t\t\t\t\t\t<div class=\"elementor-element elementor-element-4d44776 elementor-widget-tablet__width-initial elementor-widget-mobile__width-initial elementor-absolute animated-slow elementor-invisible elementor-widget elementor-widget-image\" data-id=\"4d44776\" data-element_type=\"widget\" data-settings=\"{&quot;_position&quot;:&quot;absolute&quot;,&quot;_animation&quot;:&quot;fadeInDown&quot;}\" data-widget_type=\"image.default\">\n\t\t\t\t<div class=\"elementor-widget-container\">\n\t\t\t<style>\/*! elementor - v3.22.0 - 17-06-2024 *\/\n.elementor-widget-image{text-align:center}.elementor-widget-image a{display:inline-block}.elementor-widget-image a img[src$=\".svg\"]{width:48px}.elementor-widget-image img{vertical-align:middle;display:inline-block}<\/style>\t\t\t\t\t\t\t\t\t\t<img fetchpriority=\"high\" decoding=\"async\" width=\"300\" height=\"300\" src=\"https:\/\/gracialive.be\/wp-content\/uploads\/2024\/02\/D36_RTA_SHOWLOGO_LIGHT_BCKGRD_FRENCH_RGB_F-small.png\" class=\"attachment-large size-large wp-image-28738\" alt=\"\" srcset=\"https:\/\/gracialive.be\/wp-content\/uploads\/2024\/02\/D36_RTA_SHOWLOGO_LIGHT_BCKGRD_FRENCH_RGB_F-small.png 300w, https:\/\/gracialive.be\/wp-content\/uploads\/2024\/02\/D36_RTA_SHOWLOGO_LIGHT_BCKGRD_FRENCH_RGB_F-small-150x150.png 150w\" sizes=\"(max-width: 34.9rem) calc(100vw - 2rem), (max-width: 53rem) calc(8 * (100vw \/ 12)), (min-width: 53rem) calc(6 * (100vw \/ 12)), 100vw\" \/>\t\t\t\t\t\t\t\t\t\t\t\t\t<\/div>\n\t\t\t\t<\/div>\n\t\t\t\t\t<\/div>\n\t\t<\/div>\n\t\t\t\t\t<\/div>\n\t\t<\/section>\n\t\t\t\t<section class=\"has_eae_slider elementor-section elementor-top-section elementor-element elementor-element-2062c10 elementor-section-boxed elementor-section-height-default elementor-section-height-default\" data-id=\"2062c10\" data-element_type=\"section\" data-settings=\"{&quot;jet_parallax_layout_list&quot;:[]}\">\n\t\t\t\t\t\t<div class=\"elementor-container elementor-column-gap-default\">\n\t\t\t\t\t<div class=\"has_eae_slider elementor-column elementor-col-100 elementor-top-column elementor-element elementor-element-094b631\" data-id=\"094b631\" data-element_type=\"column\">\n\t\t\t<div class=\"elementor-widget-wrap elementor-element-populated\">\n\t\t\t\t\t\t<div class=\"elementor-element elementor-element-384f3b4 elementor-widget elementor-widget-spacer\" data-id=\"384f3b4\" data-element_type=\"widget\" data-widget_type=\"spacer.default\">\n\t\t\t\t<div class=\"elementor-widget-container\">\n\t\t\t<style>\/*! elementor - v3.22.0 - 17-06-2024 *\/\n.elementor-column .elementor-spacer-inner{height:var(--spacer-size)}.e-con{--container-widget-width:100%}.e-con-inner>.elementor-widget-spacer,.e-con>.elementor-widget-spacer{width:var(--container-widget-width,var(--spacer-size));--align-self:var(--container-widget-align-self,initial);--flex-shrink:0}.e-con-inner>.elementor-widget-spacer>.elementor-widget-container,.e-con>.elementor-widget-spacer>.elementor-widget-container{height:100%;width:100%}.e-con-inner>.elementor-widget-spacer>.elementor-widget-container>.elementor-spacer,.e-con>.elementor-widget-spacer>.elementor-widget-container>.elementor-spacer{height:100%}.e-con-inner>.elementor-widget-spacer>.elementor-widget-container>.elementor-spacer>.elementor-spacer-inner,.e-con>.elementor-widget-spacer>.elementor-widget-container>.elementor-spacer>.elementor-spacer-inner{height:var(--container-widget-height,var(--spacer-size))}.e-con-inner>.elementor-widget-spacer.elementor-widget-empty,.e-con>.elementor-widget-spacer.elementor-widget-empty{position:relative;min-height:22px;min-width:22px}.e-con-inner>.elementor-widget-spacer.elementor-widget-empty .elementor-widget-empty-icon,.e-con>.elementor-widget-spacer.elementor-widget-empty .elementor-widget-empty-icon{position:absolute;top:0;bottom:0;left:0;right:0;margin:auto;padding:0;width:22px;height:22px}<\/style>\t\t<div class=\"elementor-spacer\">\n\t\t\t<div class=\"elementor-spacer-inner\"><\/div>\n\t\t<\/div>\n\t\t\t\t<\/div>\n\t\t\t\t<\/div>\n\t\t\t\t\t<\/div>\n\t\t<\/div>\n\t\t\t\t\t<\/div>\n\t\t<\/section>\n\t\t\t\t<section class=\"has_eae_slider elementor-section elementor-top-section elementor-element elementor-element-d9589ee elementor-reverse-mobile elementor-section-boxed elementor-section-height-default elementor-section-height-default\" data-id=\"d9589ee\" data-element_type=\"section\" data-settings=\"{&quot;jet_parallax_layout_list&quot;:[]}\">\n\t\t\t\t\t\t<div class=\"elementor-container elementor-column-gap-default\">\n\t\t\t\t\t<div class=\"has_eae_slider elementor-column elementor-col-50 elementor-top-column elementor-element elementor-element-95dc1f8\" data-id=\"95dc1f8\" data-element_type=\"column\">\n\t\t\t<div class=\"elementor-widget-wrap elementor-element-populated\">\n\t\t\t\t\t\t<div class=\"elementor-element elementor-element-7c6886d elementor-widget elementor-widget-heading\" data-id=\"7c6886d\" data-element_type=\"widget\" data-widget_type=\"heading.default\">\n\t\t\t\t<div class=\"elementor-widget-container\">\n\t\t\t<style>\/*! elementor - v3.22.0 - 17-06-2024 *\/\n.elementor-heading-title{padding:0;margin:0;line-height:1}.elementor-widget-heading .elementor-heading-title[class*=elementor-size-]>a{color:inherit;font-size:inherit;line-height:inherit}.elementor-widget-heading .elementor-heading-title.elementor-size-small{font-size:15px}.elementor-widget-heading .elementor-heading-title.elementor-size-medium{font-size:19px}.elementor-widget-heading .elementor-heading-title.elementor-size-large{font-size:29px}.elementor-widget-heading .elementor-heading-title.elementor-size-xl{font-size:39px}.elementor-widget-heading .elementor-heading-title.elementor-size-xxl{font-size:59px}<\/style><h2 class=\"elementor-heading-title elementor-size-default\">Disney On Ice pr\u00e9sente Le Voyage Enchant\u00e9<\/h2>\t\t<\/div>\n\t\t\t\t<\/div>\n\t\t\t\t<div class=\"elementor-element elementor-element-ca1d36a elementor-widget elementor-widget-text-editor\" data-id=\"ca1d36a\" data-element_type=\"widget\" data-widget_type=\"text-editor.default\">\n\t\t\t\t<div class=\"elementor-widget-container\">\n\t\t\t<style>\/*! elementor - v3.22.0 - 17-06-2024 *\/\n.elementor-widget-text-editor.elementor-drop-cap-view-stacked .elementor-drop-cap{background-color:#69727d;color:#fff}.elementor-widget-text-editor.elementor-drop-cap-view-framed .elementor-drop-cap{color:#69727d;border:3px solid;background-color:transparent}.elementor-widget-text-editor:not(.elementor-drop-cap-view-default) .elementor-drop-cap{margin-top:8px}.elementor-widget-text-editor:not(.elementor-drop-cap-view-default) .elementor-drop-cap-letter{width:1em;height:1em}.elementor-widget-text-editor .elementor-drop-cap{float:left;text-align:center;line-height:1;font-size:50px}.elementor-widget-text-editor .elementor-drop-cap-letter{display:inline-block}<\/style>\t\t\t\t<p><b><span data-contrast=\"auto\">Mickey <\/span><\/b><span data-contrast=\"auto\">et ses amis Disney se lancent dans une aventure fantastique vers vos destinations Disney pr\u00e9f\u00e9r\u00e9es.<\/span><span data-ccp-props=\"{}\">\u00a0<\/span><\/p><p><span style=\"background-color: var( --e-global-color-25ee4d8 ); color: var( --e-global-color-text ); text-align: var(--bs-body-text-align);\" data-contrast=\"auto\">Rejoins <\/span><b style=\"background-color: var( --e-global-color-25ee4d8 ); color: var( --e-global-color-text ); text-align: var(--bs-body-text-align);\"><span data-contrast=\"auto\">Vaiana<\/span><\/b><span style=\"background-color: var( --e-global-color-25ee4d8 ); color: var( --e-global-color-text ); text-align: var(--bs-body-text-align);\" data-contrast=\"auto\"> sur l\u2019\u00eele de Motunui et pars en safari avec <\/span><b style=\"background-color: var( --e-global-color-25ee4d8 ); color: var( --e-global-color-text ); text-align: var(--bs-body-text-align);\"><span data-contrast=\"auto\">Le Roi Lion<\/span><\/b><span style=\"background-color: var( --e-global-color-25ee4d8 ); color: var( --e-global-color-text ); text-align: var(--bs-body-text-align);\" data-contrast=\"auto\"> \u00e0 la d\u00e9couverte de la Terre des Lions.<\/span><span style=\"background-color: var( --e-global-color-25ee4d8 ); color: var( --e-global-color-text ); text-align: var(--bs-body-text-align);\" data-ccp-props=\"{}\">\u00a0<\/span><\/p><p><span style=\"color: var( --e-global-color-text ); text-align: var(--bs-body-text-align); background-color: var( --e-global-color-25ee4d8 );\" data-contrast=\"auto\">Envole-toi avec <\/span><b style=\"color: var( --e-global-color-text ); text-align: var(--bs-body-text-align); background-color: var( --e-global-color-25ee4d8 );\"><span data-contrast=\"auto\">Aladdin<\/span><\/b><span style=\"color: var( --e-global-color-text ); text-align: var(--bs-body-text-align); background-color: var( --e-global-color-25ee4d8 );\" data-contrast=\"auto\"> vers un tout nouveau monde. <\/span><span style=\"color: var( --e-global-color-text ); text-align: var(--bs-body-text-align); background-color: var( --e-global-color-25ee4d8 );\" data-contrast=\"auto\">Ambiance carnaval et cotillons avec <\/span><b style=\"color: var( --e-global-color-text ); text-align: var(--bs-body-text-align); background-color: var( --e-global-color-25ee4d8 );\"><span data-contrast=\"auto\">Woody, Buzz l\u2019\u00c9clair<\/span><\/b><span style=\"color: var( --e-global-color-text ); text-align: var(--bs-body-text-align); background-color: var( --e-global-color-25ee4d8 );\" data-contrast=\"auto\"> et la bande<\/span> <span style=\"color: var( --e-global-color-text ); text-align: var(--bs-body-text-align); background-color: var( --e-global-color-25ee4d8 );\" data-contrast=\"auto\">de<\/span><b style=\"color: var( --e-global-color-text ); text-align: var(--bs-body-text-align); background-color: var( --e-global-color-25ee4d8 );\"><span data-contrast=\"auto\"> Toy Story<\/span><\/b><span style=\"color: var( --e-global-color-text ); text-align: var(--bs-body-text-align); background-color: var( --e-global-color-25ee4d8 );\" data-contrast=\"auto\"> qui t\u2019attendent pour faire la f\u00eate.\u00a0<\/span><span style=\"color: var( --e-global-color-text ); text-align: var(--bs-body-text-align); background-color: var( --e-global-color-25ee4d8 );\" data-ccp-props=\"{}\">\u00a0<\/span><\/p><p><span style=\"color: var( --e-global-color-text ); text-align: var(--bs-body-text-align); background-color: var( --e-global-color-25ee4d8 );\" data-contrast=\"auto\">Viens d\u00e9couvrir <\/span><b style=\"color: var( --e-global-color-text ); text-align: var(--bs-body-text-align); background-color: var( --e-global-color-25ee4d8 );\"><span data-contrast=\"auto\">Mickey, Minnie, Donald et Dingo<\/span><\/b><span style=\"color: var( --e-global-color-text ); text-align: var(--bs-body-text-align); background-color: var( --e-global-color-25ee4d8 );\" data-contrast=\"auto\"> mais aussi tous tes personnages favoris <\/span><b style=\"color: var( --e-global-color-text ); text-align: var(--bs-body-text-align); background-color: var( --e-global-color-25ee4d8 );\"><span data-contrast=\"auto\">d\u2019Aladdin<\/span><\/b><span style=\"color: var( --e-global-color-text ); text-align: var(--bs-body-text-align); background-color: var( --e-global-color-25ee4d8 );\" data-contrast=\"auto\">, de <\/span><b style=\"color: var( --e-global-color-text ); text-align: var(--bs-body-text-align); background-color: var( --e-global-color-25ee4d8 );\"><span data-contrast=\"auto\">Vaiana<\/span><\/b><span style=\"color: var( --e-global-color-text ); text-align: var(--bs-body-text-align); background-color: var( --e-global-color-25ee4d8 );\" data-contrast=\"auto\"> : la l\u00e9gende du bout du monde, <\/span><b style=\"color: var( --e-global-color-text ); text-align: var(--bs-body-text-align); background-color: var( --e-global-color-25ee4d8 );\"><span data-contrast=\"auto\">La Reine des neiges<\/span><\/b><span style=\"color: var( --e-global-color-text ); text-align: var(--bs-body-text-align); background-color: var( --e-global-color-25ee4d8 );\" data-contrast=\"auto\">, <\/span><b style=\"color: var( --e-global-color-text ); text-align: var(--bs-body-text-align); background-color: var( --e-global-color-25ee4d8 );\"><span data-contrast=\"auto\">Le Roi Lion<\/span><\/b><span style=\"color: var( --e-global-color-text ); text-align: var(--bs-body-text-align); background-color: var( --e-global-color-25ee4d8 );\" data-contrast=\"auto\">, <\/span><b style=\"color: var( --e-global-color-text ); text-align: var(--bs-body-text-align); background-color: var( --e-global-color-25ee4d8 );\"><span data-contrast=\"auto\">Toy Story 4<\/span><\/b><span style=\"color: var( --e-global-color-text ); text-align: var(--bs-body-text-align); background-color: var( --e-global-color-25ee4d8 );\" data-contrast=\"auto\">, Le Retour de <\/span><b style=\"color: var( --e-global-color-text ); text-align: var(--bs-body-text-align); background-color: var( --e-global-color-25ee4d8 );\"><span data-contrast=\"auto\">Mary Poppins<\/span><\/b><span style=\"color: var( --e-global-color-text ); text-align: var(--bs-body-text-align); background-color: var( --e-global-color-25ee4d8 );\" data-contrast=\"auto\">, <\/span><b style=\"color: var( --e-global-color-text ); text-align: var(--bs-body-text-align); background-color: var( --e-global-color-25ee4d8 );\"><span data-contrast=\"auto\">Les Indestructibles 2<\/span><\/b><span style=\"color: var( --e-global-color-text ); text-align: var(--bs-body-text-align); background-color: var( --e-global-color-25ee4d8 );\" data-contrast=\"auto\"> et toutes <\/span><b style=\"color: var( --e-global-color-text ); text-align: var(--bs-body-text-align); background-color: var( --e-global-color-25ee4d8 );\"><span data-contrast=\"auto\">les Princesses Disney<\/span><\/b><span style=\"color: var( --e-global-color-text ); text-align: var(--bs-body-text-align); background-color: var( --e-global-color-25ee4d8 );\" data-contrast=\"auto\">.\u00a0\u00a0<\/span><span style=\"color: var( --e-global-color-text ); text-align: var(--bs-body-text-align); background-color: var( --e-global-color-25ee4d8 );\" data-ccp-props=\"{}\">\u00a0<\/span><\/p>\t\t\t\t\t\t<\/div>\n\t\t\t\t<\/div>\n\t\t\t\t\t<\/div>\n\t\t<\/div>\n\t\t\t\t<div class=\"has_eae_slider elementor-column elementor-col-50 elementor-top-column elementor-element elementor-element-221052c\" data-id=\"221052c\" data-element_type=\"column\">\n\t\t\t<div class=\"elementor-widget-wrap elementor-element-populated\">\n\t\t\t\t\t\t<div class=\"elementor-element elementor-element-d5c442a elementor-widget elementor-widget-heading\" data-id=\"d5c442a\" data-element_type=\"widget\" data-widget_type=\"heading.default\">\n\t\t\t\t<div class=\"elementor-widget-container\">\n\t\t\t<h5 class=\"elementor-heading-title elementor-size-default\">Profitez maintenant de la superpromotion<\/br> sur les spectacles ci-dessous<\/h5>\t\t<\/div>\n\t\t\t\t<\/div>\n\t\t\t\t<div class=\"elementor-element elementor-element-31fa50b elementor-widget elementor-widget-eael-creative-button\" data-id=\"31fa50b\" data-element_type=\"widget\" data-widget_type=\"eael-creative-button.default\">\n\t\t\t\t<div class=\"elementor-widget-container\">\n\t\t\t        <div class=\"eael-creative-button-wrapper\">\n\n            <a class=\"eael-creative-button eael-creative-button--default\" href=\"https:\/\/www.vorst-nationaal.be\/fr\/evenement\/disney-on-ice-2025-cf79e05d\/b87a23ee051573219952fe3472dfd3ba\" target=\"_blank _blank\" data-text=\"\">\n\n                <div class=\"creative-button-inner\">\n\n                    \n                    <span class=\"cretive-button-text\">Vendredi 14.02.2025 - 19h00<\/span>\n\n                                    <\/div>\n            <\/a>\n        <\/div>\n\t\t<\/div>\n\t\t\t\t<\/div>\n\t\t\t\t<div class=\"elementor-element elementor-element-65a1b3b elementor-widget elementor-widget-eael-creative-button\" data-id=\"65a1b3b\" data-element_type=\"widget\" data-widget_type=\"eael-creative-button.default\">\n\t\t\t\t<div class=\"elementor-widget-container\">\n\t\t\t        <div class=\"eael-creative-button-wrapper\">\n\n            <a class=\"eael-creative-button eael-creative-button--default\" href=\"https:\/\/www.vorst-nationaal.be\/fr\/evenement\/disney-on-ice-2025-cf79e05d\/b87a23ee051573219952fe3472dfd3ba\" target=\"_blank _blank\" data-text=\"\">\n\n                <div class=\"creative-button-inner\">\n\n                    \n                    <span class=\"cretive-button-text\">Samedi 15.02.2025 - 10h30<\/span>\n\n                                    <\/div>\n            <\/a>\n        <\/div>\n\t\t<\/div>\n\t\t\t\t<\/div>\n\t\t\t\t<div class=\"elementor-element elementor-element-e6f936c elementor-widget elementor-widget-eael-creative-button\" data-id=\"e6f936c\" data-element_type=\"widget\" data-widget_type=\"eael-creative-button.default\">\n\t\t\t\t<div class=\"elementor-widget-container\">\n\t\t\t        <div class=\"eael-creative-button-wrapper\">\n\n            <a class=\"eael-creative-button eael-creative-button--default\" href=\"https:\/\/www.vorst-nationaal.be\/fr\/evenement\/disney-on-ice-2025-cf79e05d\/b87a23ee051573219952fe3472dfd3ba\" target=\"_blank _blank\" data-text=\"\">\n\n                <div class=\"creative-button-inner\">\n\n                    \n                    <span class=\"cretive-button-text\">Samedia 15.02.2025 - 18h30<\/span>\n\n                                    <\/div>\n            <\/a>\n        <\/div>\n\t\t<\/div>\n\t\t\t\t<\/div>\n\t\t\t\t\t<\/div>\n\t\t<\/div>\n\t\t\t\t\t<\/div>\n\t\t<\/section>\n\t\t\t\t<\/div>\n\t\t","protected":false},"excerpt":{"rendered":"<p>Disney On Ice pr\u00e9sente Le Voyage Enchant\u00e9 Mickey et ses amis Disney se lancent dans une aventure fantastique vers vos destinations Disney pr\u00e9f\u00e9r\u00e9es.\u00a0 Rejoins Vaiana sur l\u2019\u00eele de Motunui et pars en safari avec Le Roi Lion \u00e0 la d\u00e9couverte de la Terre des Lions.\u00a0 Envole-toi avec Aladdin vers un tout nouveau monde. Ambiance carnaval &hellip; <\/p>\n<p class=\"link-more\"><a href=\"https:\/\/gracialive.be\/fr\/doi2025-fr\/\" class=\"more-link\">Continuer la lecture <span class=\"screen-reader-text\"> \u00ab\u00a0Disney On Ice\u00a0\u00bb<\/span><\/a><\/p>\n","protected":false},"author":17,"featured_media":0,"parent":0,"menu_order":0,"comment_status":"closed","ping_status":"closed","template":"elementor_header_footer","meta":{"footnotes":""},"yoast_head":"<!-- This site is optimized with the Yoast SEO Premium plugin v21.5 (Yoast SEO v21.5) - https:\/\/yoast.com\/wordpress\/plugins\/seo\/ -->\n<title>Disney On Ice - Gracia Live<\/title>\n<meta name=\"robots\" content=\"index, follow, max-snippet:-1, max-image-preview:large, max-video-preview:-1\" \/>\n<link rel=\"canonical\" href=\"https:\/\/gracialive.be\/fr\/doi2025-fr\/\" \/>\n<meta property=\"og:locale\" content=\"fr_FR\" \/>\n<meta property=\"og:type\" content=\"article\" \/>\n<meta property=\"og:title\" content=\"Disney On Ice\" \/>\n<meta property=\"og:description\" content=\"Disney On Ice pr\u00e9sente Le Voyage Enchant\u00e9 Mickey et ses amis Disney se lancent dans une aventure fantastique vers vos destinations Disney pr\u00e9f\u00e9r\u00e9es.\u00a0 Rejoins Vaiana sur l\u2019\u00eele de Motunui et pars en safari avec Le Roi Lion \u00e0 la d\u00e9couverte de la Terre des Lions.\u00a0 Envole-toi avec Aladdin vers un tout nouveau monde. Ambiance carnaval &hellip; Continuer la lecture \u00ab\u00a0Disney On Ice\u00a0\u00bb\" \/>\n<meta property=\"og:url\" content=\"https:\/\/gracialive.be\/fr\/doi2025-fr\/\" \/>\n<meta property=\"og:site_name\" content=\"Gracia Live\" \/>\n<meta property=\"article:publisher\" content=\"https:\/\/www.facebook.com\/gracialivebelgium\" \/>\n<meta property=\"article:modified_time\" content=\"2024-02-17T10:35:45+00:00\" \/>\n<meta property=\"og:image\" content=\"https:\/\/gracialive.be\/wp-content\/uploads\/2024\/02\/D36_RTA_SHOWLOGO_LIGHT_BCKGRD_FRENCH_RGB_F-small.png\" \/>\n<meta name=\"twitter:card\" content=\"summary_large_image\" \/>\n<meta name=\"twitter:site\" content=\"@GRACIALIVEBEL\" \/>\n<meta name=\"twitter:label1\" content=\"Dur\u00e9e de lecture estim\u00e9e\" \/>\n\t<meta name=\"twitter:data1\" content=\"1 minute\" \/>\n<script type=\"application\/ld+json\" class=\"yoast-schema-graph\">{\"@context\":\"https:\/\/schema.org\",\"@graph\":[{\"@type\":\"WebPage\",\"@id\":\"https:\/\/gracialive.be\/fr\/doi2025-fr\/\",\"url\":\"https:\/\/gracialive.be\/fr\/doi2025-fr\/\",\"name\":\"Disney On Ice - Gracia Live\",\"isPartOf\":{\"@id\":\"https:\/\/gracialive.be\/#website\"},\"datePublished\":\"2024-02-17T08:07:52+00:00\",\"dateModified\":\"2024-02-17T10:35:45+00:00\",\"breadcrumb\":{\"@id\":\"https:\/\/gracialive.be\/fr\/doi2025-fr\/#breadcrumb\"},\"inLanguage\":\"fr-FR\",\"potentialAction\":[{\"@type\":\"ReadAction\",\"target\":[\"https:\/\/gracialive.be\/fr\/doi2025-fr\/\"]}]},{\"@type\":\"BreadcrumbList\",\"@id\":\"https:\/\/gracialive.be\/fr\/doi2025-fr\/#breadcrumb\",\"itemListElement\":[{\"@type\":\"ListItem\",\"position\":1,\"name\":\"Home\",\"item\":\"https:\/\/gracialive.be\/fr\/\"},{\"@type\":\"ListItem\",\"position\":2,\"name\":\"Disney On Ice\"}]},{\"@type\":\"WebSite\",\"@id\":\"https:\/\/gracialive.be\/#website\",\"url\":\"https:\/\/gracialive.be\/\",\"name\":\"Gracia Live\",\"description\":\"Concert en Event Promotor Belgium\",\"publisher\":{\"@id\":\"https:\/\/gracialive.be\/#organization\"},\"potentialAction\":[{\"@type\":\"SearchAction\",\"target\":{\"@type\":\"EntryPoint\",\"urlTemplate\":\"https:\/\/gracialive.be\/?s={search_term_string}\"},\"query-input\":\"required name=search_term_string\"}],\"inLanguage\":\"fr-FR\"},{\"@type\":\"Organization\",\"@id\":\"https:\/\/gracialive.be\/#organization\",\"name\":\"Gracia Live\",\"url\":\"https:\/\/gracialive.be\/\",\"logo\":{\"@type\":\"ImageObject\",\"inLanguage\":\"fr-FR\",\"@id\":\"https:\/\/gracialive.be\/#\/schema\/logo\/image\/\",\"url\":\"https:\/\/gracialive.be\/wp-content\/uploads\/2022\/01\/cropped-GL-500x300_zwart.png\",\"contentUrl\":\"https:\/\/gracialive.be\/wp-content\/uploads\/2022\/01\/cropped-GL-500x300_zwart.png\",\"width\":512,\"height\":512,\"caption\":\"Gracia Live\"},\"image\":{\"@id\":\"https:\/\/gracialive.be\/#\/schema\/logo\/image\/\"},\"sameAs\":[\"https:\/\/www.facebook.com\/gracialivebelgium\",\"https:\/\/twitter.com\/GRACIALIVEBEL\",\"https:\/\/www.instagram.com\/gracialive_belgium\/\"]}]}<\/script>\n<!-- \/ Yoast SEO Premium plugin. -->","yoast_head_json":{"title":"Disney On Ice - Gracia Live","robots":{"index":"index","follow":"follow","max-snippet":"max-snippet:-1","max-image-preview":"max-image-preview:large","max-video-preview":"max-video-preview:-1"},"canonical":"https:\/\/gracialive.be\/fr\/doi2025-fr\/","og_locale":"fr_FR","og_type":"article","og_title":"Disney On Ice","og_description":"Disney On Ice pr\u00e9sente Le Voyage Enchant\u00e9 Mickey et ses amis Disney se lancent dans une aventure fantastique vers vos destinations Disney pr\u00e9f\u00e9r\u00e9es.\u00a0 Rejoins Vaiana sur l\u2019\u00eele de Motunui et pars en safari avec Le Roi Lion \u00e0 la d\u00e9couverte de la Terre des Lions.\u00a0 Envole-toi avec Aladdin vers un tout nouveau monde. Ambiance carnaval &hellip; Continuer la lecture \u00ab\u00a0Disney On Ice\u00a0\u00bb","og_url":"https:\/\/gracialive.be\/fr\/doi2025-fr\/","og_site_name":"Gracia Live","article_publisher":"https:\/\/www.facebook.com\/gracialivebelgium","article_modified_time":"2024-02-17T10:35:45+00:00","og_image":[{"url":"https:\/\/gracialive.be\/wp-content\/uploads\/2024\/02\/D36_RTA_SHOWLOGO_LIGHT_BCKGRD_FRENCH_RGB_F-small.png"}],"twitter_card":"summary_large_image","twitter_site":"@GRACIALIVEBEL","twitter_misc":{"Dur\u00e9e de lecture estim\u00e9e":"1 minute"},"schema":{"@context":"https:\/\/schema.org","@graph":[{"@type":"WebPage","@id":"https:\/\/gracialive.be\/fr\/doi2025-fr\/","url":"https:\/\/gracialive.be\/fr\/doi2025-fr\/","name":"Disney On Ice - Gracia Live","isPartOf":{"@id":"https:\/\/gracialive.be\/#website"},"datePublished":"2024-02-17T08:07:52+00:00","dateModified":"2024-02-17T10:35:45+00:00","breadcrumb":{"@id":"https:\/\/gracialive.be\/fr\/doi2025-fr\/#breadcrumb"},"inLanguage":"fr-FR","potentialAction":[{"@type":"ReadAction","target":["https:\/\/gracialive.be\/fr\/doi2025-fr\/"]}]},{"@type":"BreadcrumbList","@id":"https:\/\/gracialive.be\/fr\/doi2025-fr\/#breadcrumb","itemListElement":[{"@type":"ListItem","position":1,"name":"Home","item":"https:\/\/gracialive.be\/fr\/"},{"@type":"ListItem","position":2,"name":"Disney On Ice"}]},{"@type":"WebSite","@id":"https:\/\/gracialive.be\/#website","url":"https:\/\/gracialive.be\/","name":"Gracia Live","description":"Concert en Event Promotor Belgium","publisher":{"@id":"https:\/\/gracialive.be\/#organization"},"potentialAction":[{"@type":"SearchAction","target":{"@type":"EntryPoint","urlTemplate":"https:\/\/gracialive.be\/?s={search_term_string}"},"query-input":"required name=search_term_string"}],"inLanguage":"fr-FR"},{"@type":"Organization","@id":"https:\/\/gracialive.be\/#organization","name":"Gracia Live","url":"https:\/\/gracialive.be\/","logo":{"@type":"ImageObject","inLanguage":"fr-FR","@id":"https:\/\/gracialive.be\/#\/schema\/logo\/image\/","url":"https:\/\/gracialive.be\/wp-content\/uploads\/2022\/01\/cropped-GL-500x300_zwart.png","contentUrl":"https:\/\/gracialive.be\/wp-content\/uploads\/2022\/01\/cropped-GL-500x300_zwart.png","width":512,"height":512,"caption":"Gracia Live"},"image":{"@id":"https:\/\/gracialive.be\/#\/schema\/logo\/image\/"},"sameAs":["https:\/\/www.facebook.com\/gracialivebelgium","https:\/\/twitter.com\/GRACIALIVEBEL","https:\/\/www.instagram.com\/gracialive_belgium\/"]}]}},"acf":[],"_links":{"self":[{"href":"https:\/\/gracialive.be\/fr\/wp-json\/wp\/v2\/pages\/28726"}],"collection":[{"href":"https:\/\/gracialive.be\/fr\/wp-json\/wp\/v2\/pages"}],"about":[{"href":"https:\/\/gracialive.be\/fr\/wp-json\/wp\/v2\/types\/page"}],"author":[{"embeddable":true,"href":"https:\/\/gracialive.be\/fr\/wp-json\/wp\/v2\/users\/17"}],"replies":[{"embeddable":true,"href":"https:\/\/gracialive.be\/fr\/wp-json\/wp\/v2\/comments?post=28726"}],"version-history":[{"count":28,"href":"https:\/\/gracialive.be\/fr\/wp-json\/wp\/v2\/pages\/28726\/revisions"}],"predecessor-version":[{"id":28814,"href":"https:\/\/gracialive.be\/fr\/wp-json\/wp\/v2\/pages\/28726\/revisions\/28814"}],"wp:attachment":[{"href":"https:\/\/gracialive.be\/fr\/wp-json\/wp\/v2\/media?parent=28726"}],"curies":[{"name":"wp","href":"https:\/\/api.w.org\/{rel}","templated":true}]}}