{"id":129801,"date":"2026-03-09T18:46:32","date_gmt":"2026-03-09T16:46:32","guid":{"rendered":"https:\/\/gracialive.be\/jill-scott-vip-2026\/"},"modified":"2026-03-10T00:18:12","modified_gmt":"2026-03-09T22:18:12","slug":"jill-scott-vip-2026","status":"publish","type":"page","link":"https:\/\/gracialive.be\/fr\/jill-scott-vip-2026\/","title":{"rendered":"Jill Scott &#8211; VIP Packages"},"content":{"rendered":"\t\t<div data-elementor-type=\"wp-page\" data-elementor-id=\"129801\" class=\"elementor elementor-129801 elementor-129783\" data-elementor-post-type=\"page\">\n\t\t\t\t<div class=\"elementor-element elementor-element-a88277a e-flex e-con-boxed e-con e-parent\" data-id=\"a88277a\" data-element_type=\"container\">\n\t\t\t\t\t<div class=\"e-con-inner\">\n\t\t\t\t<div class=\"elementor-element elementor-element-dd5a6a5 elementor-widget elementor-widget-image\" data-id=\"dd5a6a5\" data-element_type=\"widget\" data-widget_type=\"image.default\">\n\t\t\t\t<div class=\"elementor-widget-container\">\n\t\t\t<style>\/*! elementor - v3.22.0 - 17-06-2024 *\/\n.elementor-widget-image{text-align:center}.elementor-widget-image a{display:inline-block}.elementor-widget-image a img[src$=\".svg\"]{width:48px}.elementor-widget-image img{vertical-align:middle;display:inline-block}<\/style>\t\t\t\t\t\t\t\t\t\t<img fetchpriority=\"high\" decoding=\"async\" width=\"640\" height=\"346\" src=\"https:\/\/gracialive.be\/wp-content\/uploads\/2026\/03\/js-mail-fr.jpg\" class=\"attachment-large size-large wp-image-129808\" alt=\"\" srcset=\"https:\/\/gracialive.be\/wp-content\/uploads\/2026\/03\/js-mail-fr.jpg 740w, https:\/\/gracialive.be\/wp-content\/uploads\/2026\/03\/js-mail-fr-300x162.jpg 300w\" sizes=\"(max-width: 34.9rem) calc(100vw - 2rem), (max-width: 53rem) calc(8 * (100vw \/ 12)), (min-width: 53rem) calc(6 * (100vw \/ 12)), 100vw\" \/>\t\t\t\t\t\t\t\t\t\t\t\t\t<\/div>\n\t\t\t\t<\/div>\n\t\t\t\t\t<\/div>\n\t\t\t\t<\/div>\n\t\t<div class=\"elementor-element elementor-element-76722ee e-flex e-con-boxed e-con e-parent\" data-id=\"76722ee\" data-element_type=\"container\">\n\t\t\t\t\t<div class=\"e-con-inner\">\n\t\t\t\t<div class=\"elementor-element elementor-element-cb0e4b5 elementor-widget elementor-widget-text-editor\" data-id=\"cb0e4b5\" data-element_type=\"widget\" data-widget_type=\"text-editor.default\">\n\t\t\t\t<div class=\"elementor-widget-container\">\n\t\t\t<style>\/*! elementor - v3.22.0 - 17-06-2024 *\/\n.elementor-widget-text-editor.elementor-drop-cap-view-stacked .elementor-drop-cap{background-color:#69727d;color:#fff}.elementor-widget-text-editor.elementor-drop-cap-view-framed .elementor-drop-cap{color:#69727d;border:3px solid;background-color:transparent}.elementor-widget-text-editor:not(.elementor-drop-cap-view-default) .elementor-drop-cap{margin-top:8px}.elementor-widget-text-editor:not(.elementor-drop-cap-view-default) .elementor-drop-cap-letter{width:1em;height:1em}.elementor-widget-text-editor .elementor-drop-cap{float:left;text-align:center;line-height:1;font-size:50px}.elementor-widget-text-editor .elementor-drop-cap-letter{display:inline-block}<\/style>\t\t\t\t<p><strong>Sur cette page, vous trouverez toutes les informations sur les packages VIP pour le concert de Jill Scott le lundi 5 octobre 2026 au Bozar \u00e0 Bruxelles. Ces exp\u00e9riences VIP sont organis\u00e9es et propos\u00e9es par Please &amp; Thank You. Vous trouverez ici tous les d\u00e9tails sur le contenu des packages, les conditions g\u00e9n\u00e9rales et le lien pour acheter des billets.<\/strong><\/p>\t\t\t\t\t\t<\/div>\n\t\t\t\t<\/div>\n\t\t\t\t\t<\/div>\n\t\t\t\t<\/div>\n\t\t<div class=\"elementor-element elementor-element-583ca0d e-flex e-con-boxed e-con e-parent\" data-id=\"583ca0d\" data-element_type=\"container\">\n\t\t\t\t\t<div class=\"e-con-inner\">\n\t\t\t\t<div class=\"elementor-element elementor-element-42c3627 elementor-widget elementor-widget-heading\" data-id=\"42c3627\" data-element_type=\"widget\" data-widget_type=\"heading.default\">\n\t\t\t\t<div class=\"elementor-widget-container\">\n\t\t\t<style>\/*! elementor - v3.22.0 - 17-06-2024 *\/\n.elementor-heading-title{padding:0;margin:0;line-height:1}.elementor-widget-heading .elementor-heading-title[class*=elementor-size-]>a{color:inherit;font-size:inherit;line-height:inherit}.elementor-widget-heading .elementor-heading-title.elementor-size-small{font-size:15px}.elementor-widget-heading .elementor-heading-title.elementor-size-medium{font-size:19px}.elementor-widget-heading .elementor-heading-title.elementor-size-large{font-size:29px}.elementor-widget-heading .elementor-heading-title.elementor-size-xl{font-size:39px}.elementor-widget-heading .elementor-heading-title.elementor-size-xxl{font-size:59px}<\/style><h2 class=\"elementor-heading-title elementor-size-default\">Aper\u00e7u des packages VIP et de leur contenu<\/h2>\t\t<\/div>\n\t\t\t\t<\/div>\n\t\t\t\t\t<\/div>\n\t\t\t\t<\/div>\n\t\t<div class=\"elementor-element elementor-element-0c6a498 e-flex e-con-boxed e-con e-parent\" data-id=\"0c6a498\" data-element_type=\"container\">\n\t\t\t\t\t<div class=\"e-con-inner\">\n\t\t\t\t<div class=\"elementor-element elementor-element-e24ce77 elementor-widget elementor-widget-text-editor\" data-id=\"e24ce77\" data-element_type=\"widget\" data-widget_type=\"text-editor.default\">\n\t\t\t\t<div class=\"elementor-widget-container\">\n\t\t\t\t\t\t\t<p><strong>VIP 1 &#8211; The Beautiful People Experience <\/strong><\/p><ul><li>Une (1) place premium r\u00e9serv\u00e9e dans les premiers rangs<\/li><li>Un Collector\u2019s Box en \u00e9dition limit\u00e9e, con\u00e7u exclusivement pour cette tourn\u00e9e*<\/li><li>Une collection soigneusement s\u00e9lectionn\u00e9e de souvenirs inspir\u00e9s de la musique, de la po\u00e9sie et du style embl\u00e9matique de Jill*<\/li><li>Acc\u00e8s anticip\u00e9 exclusif au Writing Bar pr\u00e9-show \u00ab To Whom This May Concern \u00bb<\/li><li>Photo de groupe VIP prise depuis la sc\u00e8ne (photo num\u00e9rique incluse)**<\/li><li>Check-in VIP d\u00e9di\u00e9 avec acc\u00e8s anticip\u00e9 \u00e0 la salle<\/li><li>Lamin\u00e9 VIP souvenir (remis lors du check-in)<\/li><li>Pack officiel d\u2019autocollants de la tourn\u00e9e (remis lors du check-in)<\/li><li>Acc\u00e8s anticip\u00e9 au merchandising officiel de la tourn\u00e9e<\/li><\/ul><p><em>* Le merchandising sera envoy\u00e9 directement aux acheteurs de billets apr\u00e8s l\u2019\u00e9v\u00e9nement. Le Collector\u2019s Box n\u2019est disponible nulle part ailleurs. <\/em><br \/><em>** La s\u00e9ance photo peut varier selon la ville de la tourn\u00e9e.<\/em><\/p>\t\t\t\t\t\t<\/div>\n\t\t\t\t<\/div>\n\t\t\t\t<div class=\"elementor-element elementor-element-376951b elementor-widget elementor-widget-button\" data-id=\"376951b\" data-element_type=\"widget\" data-widget_type=\"button.default\">\n\t\t\t\t<div class=\"elementor-widget-container\">\n\t\t\t\t\t<div class=\"elementor-button-wrapper\">\n\t\t\t<a class=\"elementor-button elementor-button-link elementor-size-sm\" href=\"https:\/\/tickets.bozar.be\/list\/partnerAdvantage?code=VIP1-BeautifulEx&#038;lang=en\">\n\t\t\t\t\t\t<span class=\"elementor-button-content-wrapper\">\n\t\t\t\t\t\t\t\t\t<span class=\"elementor-button-text\">Acheter des billets - VIP 1<\/span>\n\t\t\t\t\t<\/span>\n\t\t\t\t\t<\/a>\n\t\t<\/div>\n\t\t\t\t<\/div>\n\t\t\t\t<\/div>\n\t\t\t\t<div class=\"elementor-element elementor-element-73b8d57 elementor-widget elementor-widget-spacer\" data-id=\"73b8d57\" data-element_type=\"widget\" data-widget_type=\"spacer.default\">\n\t\t\t\t<div class=\"elementor-widget-container\">\n\t\t\t<style>\/*! elementor - v3.22.0 - 17-06-2024 *\/\n.elementor-column .elementor-spacer-inner{height:var(--spacer-size)}.e-con{--container-widget-width:100%}.e-con-inner>.elementor-widget-spacer,.e-con>.elementor-widget-spacer{width:var(--container-widget-width,var(--spacer-size));--align-self:var(--container-widget-align-self,initial);--flex-shrink:0}.e-con-inner>.elementor-widget-spacer>.elementor-widget-container,.e-con>.elementor-widget-spacer>.elementor-widget-container{height:100%;width:100%}.e-con-inner>.elementor-widget-spacer>.elementor-widget-container>.elementor-spacer,.e-con>.elementor-widget-spacer>.elementor-widget-container>.elementor-spacer{height:100%}.e-con-inner>.elementor-widget-spacer>.elementor-widget-container>.elementor-spacer>.elementor-spacer-inner,.e-con>.elementor-widget-spacer>.elementor-widget-container>.elementor-spacer>.elementor-spacer-inner{height:var(--container-widget-height,var(--spacer-size))}.e-con-inner>.elementor-widget-spacer.elementor-widget-empty,.e-con>.elementor-widget-spacer.elementor-widget-empty{position:relative;min-height:22px;min-width:22px}.e-con-inner>.elementor-widget-spacer.elementor-widget-empty .elementor-widget-empty-icon,.e-con>.elementor-widget-spacer.elementor-widget-empty .elementor-widget-empty-icon{position:absolute;top:0;bottom:0;left:0;right:0;margin:auto;padding:0;width:22px;height:22px}<\/style>\t\t<div class=\"elementor-spacer\">\n\t\t\t<div class=\"elementor-spacer-inner\"><\/div>\n\t\t<\/div>\n\t\t\t\t<\/div>\n\t\t\t\t<\/div>\n\t\t\t\t<div class=\"elementor-element elementor-element-c06a7af elementor-widget elementor-widget-text-editor\" data-id=\"c06a7af\" data-element_type=\"widget\" data-widget_type=\"text-editor.default\">\n\t\t\t\t<div class=\"elementor-widget-container\">\n\t\t\t\t\t\t\t<p><strong>VIP 2 &#8211; The ASE Package<\/strong><\/p><ul><li>Une (1) place r\u00e9serv\u00e9e situ\u00e9e dans une zone privil\u00e9gi\u00e9e<\/li><li>Un Collector\u2019s Box en \u00e9dition limit\u00e9e, con\u00e7u exclusivement pour cette tourn\u00e9e*<\/li><li>Une collection soigneusement s\u00e9lectionn\u00e9e de souvenirs inspir\u00e9s de la musique, de la po\u00e9sie et du style embl\u00e9matique de Jill*<\/li><li>Check-in VIP avec acc\u00e8s prioritaire \u00e0 la salle<\/li><li>Lamin\u00e9 VIP souvenir (remis lors du check-in)<\/li><li>Pack officiel d\u2019autocollants de la tourn\u00e9e (remis lors du check-in)<\/li><li>Acc\u00e8s anticip\u00e9 au merchandising officiel de la tourn\u00e9e<\/li><\/ul><p><em>* Le merchandising sera envoy\u00e9 directement aux acheteurs de billets apr\u00e8s l\u2019\u00e9v\u00e9nement.<\/em><br \/><em>Le Collector\u2019s Box n\u2019est disponible nulle part ailleurs.<\/em><\/p>\t\t\t\t\t\t<\/div>\n\t\t\t\t<\/div>\n\t\t\t\t<div class=\"elementor-element elementor-element-2feb637 elementor-widget elementor-widget-button\" data-id=\"2feb637\" data-element_type=\"widget\" data-widget_type=\"button.default\">\n\t\t\t\t<div class=\"elementor-widget-container\">\n\t\t\t\t\t<div class=\"elementor-button-wrapper\">\n\t\t\t<a class=\"elementor-button elementor-button-link elementor-size-sm\" href=\"https:\/\/tickets.bozar.be\/list\/partnerAdvantage?code=ASE-VIP2-Package&#038;lang=en\">\n\t\t\t\t\t\t<span class=\"elementor-button-content-wrapper\">\n\t\t\t\t\t\t\t\t\t<span class=\"elementor-button-text\">Acheter des billets - VIP 2<\/span>\n\t\t\t\t\t<\/span>\n\t\t\t\t\t<\/a>\n\t\t<\/div>\n\t\t\t\t<\/div>\n\t\t\t\t<\/div>\n\t\t\t\t<div class=\"elementor-element elementor-element-9ffdc86 elementor-widget elementor-widget-spacer\" data-id=\"9ffdc86\" data-element_type=\"widget\" data-widget_type=\"spacer.default\">\n\t\t\t\t<div class=\"elementor-widget-container\">\n\t\t\t\t\t<div class=\"elementor-spacer\">\n\t\t\t<div class=\"elementor-spacer-inner\"><\/div>\n\t\t<\/div>\n\t\t\t\t<\/div>\n\t\t\t\t<\/div>\n\t\t\t\t<div class=\"elementor-element elementor-element-7d5f233 elementor-widget elementor-widget-text-editor\" data-id=\"7d5f233\" data-element_type=\"widget\" data-widget_type=\"text-editor.default\">\n\t\t\t\t<div class=\"elementor-widget-container\">\n\t\t\t\t\t\t\t<p><strong>VIP 3 &#8211; The Me 4 Me Package<\/strong><\/p><ul><li>Une (1) place r\u00e9serv\u00e9e<\/li><li>Un journal de tourn\u00e9e exclusif en \u00e9dition limit\u00e9e, sp\u00e9cialement con\u00e7u pour cette tourn\u00e9e*<\/li><li>Check-in VIP<\/li><li>Lamin\u00e9 VIP souvenir (remis lors du check-in)<\/li><li>Pack officiel d\u2019autocollants de la tourn\u00e9e (remis lors du check-in)<\/li><\/ul><p><em>* Le merchandising sera envoy\u00e9 directement aux acheteurs de billets apr\u00e8s l\u2019\u00e9v\u00e9nement.<\/em><br \/><em>Le Collector\u2019s Box n\u2019est disponible nulle part ailleurs.<\/em><\/p>\t\t\t\t\t\t<\/div>\n\t\t\t\t<\/div>\n\t\t\t\t<div class=\"elementor-element elementor-element-1027b0a elementor-widget elementor-widget-button\" data-id=\"1027b0a\" data-element_type=\"widget\" data-widget_type=\"button.default\">\n\t\t\t\t<div class=\"elementor-widget-container\">\n\t\t\t\t\t<div class=\"elementor-button-wrapper\">\n\t\t\t<a class=\"elementor-button elementor-button-link elementor-size-sm\" href=\"https:\/\/tickets.bozar.be\/list\/partnerAdvantage?code=me-4me-packV2&#038;lang=en\">\n\t\t\t\t\t\t<span class=\"elementor-button-content-wrapper\">\n\t\t\t\t\t\t\t\t\t<span class=\"elementor-button-text\">Acheter des billets - VIP 3<\/span>\n\t\t\t\t\t<\/span>\n\t\t\t\t\t<\/a>\n\t\t<\/div>\n\t\t\t\t<\/div>\n\t\t\t\t<\/div>\n\t\t\t\t<div class=\"elementor-element elementor-element-f0fc945 elementor-widget elementor-widget-spacer\" data-id=\"f0fc945\" data-element_type=\"widget\" data-widget_type=\"spacer.default\">\n\t\t\t\t<div class=\"elementor-widget-container\">\n\t\t\t\t\t<div class=\"elementor-spacer\">\n\t\t\t<div class=\"elementor-spacer-inner\"><\/div>\n\t\t<\/div>\n\t\t\t\t<\/div>\n\t\t\t\t<\/div>\n\t\t\t\t<div class=\"elementor-element elementor-element-868749e elementor-widget elementor-widget-heading\" data-id=\"868749e\" data-element_type=\"widget\" data-widget_type=\"heading.default\">\n\t\t\t\t<div class=\"elementor-widget-container\">\n\t\t\t<h2 class=\"elementor-heading-title elementor-size-default\">Conditions g\u00e9n\u00e9rales<\/h2>\t\t<\/div>\n\t\t\t\t<\/div>\n\t\t\t\t<div class=\"elementor-element elementor-element-d6b01f2 elementor-widget elementor-widget-spacer\" data-id=\"d6b01f2\" data-element_type=\"widget\" data-widget_type=\"spacer.default\">\n\t\t\t\t<div class=\"elementor-widget-container\">\n\t\t\t\t\t<div class=\"elementor-spacer\">\n\t\t\t<div class=\"elementor-spacer-inner\"><\/div>\n\t\t<\/div>\n\t\t\t\t<\/div>\n\t\t\t\t<\/div>\n\t\t\t\t<div class=\"elementor-element elementor-element-5d297ba elementor-widget elementor-widget-text-editor\" data-id=\"5d297ba\" data-element_type=\"widget\" data-widget_type=\"text-editor.default\">\n\t\t\t\t<div class=\"elementor-widget-container\">\n\t\t\t\t\t\t\t<p data-start=\"0\" data-end=\"252\">Si le merchandising VIP est envoy\u00e9 apr\u00e8s le concert, nous avons besoin des informations ci-dessous pour tous les acheteurs de billets afin de pouvoir traiter les commandes. Le merchandising est g\u00e9n\u00e9ralement exp\u00e9di\u00e9 environ une semaine apr\u00e8s le concert.<\/p><p data-start=\"254\" data-end=\"399\">En achetant un billet VIP, vous acceptez de fournir ces informations. Tous les d\u00e9tails \u00e0 ce sujet sont disponibles dans <a href=\"https:\/\/please.co\/pages\/terms-and-conditions\">les Conditions g\u00e9n\u00e9rales<\/a>.<\/p><p>Informations requises :<\/p><ul><li>Nom et pr\u00e9nom<\/li><li>Adresse e-mail<\/li><li>Adresse de livraison \u2013 rue, num\u00e9ro, ville\/province, code postal<\/li><li>Num\u00e9ro de t\u00e9l\u00e9phone<\/li><li>Quantit\u00e9 par personne (par type de package VIP)<\/li><\/ul><p><strong>L&#8217;\u00e9quipe Gracia Live et Please &amp; Thank You.<\/strong><\/p>\t\t\t\t\t\t<\/div>\n\t\t\t\t<\/div>\n\t\t\t\t\t<\/div>\n\t\t\t\t<\/div>\n\t\t\t\t<\/div>\n\t\t","protected":false},"excerpt":{"rendered":"<p>Sur cette page, vous trouverez toutes les informations sur les packages VIP pour le concert de Jill Scott le lundi 5 octobre 2026 au Bozar \u00e0 Bruxelles. Ces exp\u00e9riences VIP sont organis\u00e9es et propos\u00e9es par Please &amp; Thank You. Vous trouverez ici tous les d\u00e9tails sur le contenu des packages, les conditions g\u00e9n\u00e9rales et le &hellip; <\/p>\n<p class=\"link-more\"><a href=\"https:\/\/gracialive.be\/fr\/jill-scott-vip-2026\/\" class=\"more-link\">Continuer la lecture <span class=\"screen-reader-text\"> \u00ab\u00a0Jill Scott &#8211; VIP Packages\u00a0\u00bb<\/span><\/a><\/p>\n","protected":false},"author":20,"featured_media":0,"parent":0,"menu_order":0,"comment_status":"closed","ping_status":"closed","template":"","meta":{"footnotes":""},"yoast_head":"<!-- This site is optimized with the Yoast SEO Premium plugin v21.5 (Yoast SEO v21.5) - https:\/\/yoast.com\/wordpress\/plugins\/seo\/ -->\n<title>Jill Scott - VIP Packages - Gracia Live<\/title>\n<meta name=\"robots\" content=\"index, follow, max-snippet:-1, max-image-preview:large, max-video-preview:-1\" \/>\n<link rel=\"canonical\" href=\"https:\/\/gracialive.be\/fr\/jill-scott-vip-2026\/\" \/>\n<meta property=\"og:locale\" content=\"fr_FR\" \/>\n<meta property=\"og:type\" content=\"article\" \/>\n<meta property=\"og:title\" content=\"Jill Scott - VIP Packages\" \/>\n<meta property=\"og:description\" content=\"Sur cette page, vous trouverez toutes les informations sur les packages VIP pour le concert de Jill Scott le lundi 5 octobre 2026 au Bozar \u00e0 Bruxelles. Ces exp\u00e9riences VIP sont organis\u00e9es et propos\u00e9es par Please &amp; Thank You. Vous trouverez ici tous les d\u00e9tails sur le contenu des packages, les conditions g\u00e9n\u00e9rales et le &hellip; Continuer la lecture \u00ab\u00a0Jill Scott &#8211; VIP Packages\u00a0\u00bb\" \/>\n<meta property=\"og:url\" content=\"https:\/\/gracialive.be\/fr\/jill-scott-vip-2026\/\" \/>\n<meta property=\"og:site_name\" content=\"Gracia Live\" \/>\n<meta property=\"article:publisher\" content=\"https:\/\/www.facebook.com\/gracialivebelgium\" \/>\n<meta property=\"article:modified_time\" content=\"2026-03-09T22:18:12+00:00\" \/>\n<meta property=\"og:image\" content=\"https:\/\/gracialive.be\/wp-content\/uploads\/2026\/03\/js-mail-fr.jpg\" \/>\n<meta name=\"twitter:card\" content=\"summary_large_image\" \/>\n<meta name=\"twitter:site\" content=\"@GRACIALIVEBEL\" \/>\n<meta name=\"twitter:label1\" content=\"Dur\u00e9e de lecture estim\u00e9e\" \/>\n\t<meta name=\"twitter:data1\" content=\"3 minutes\" \/>\n<script type=\"application\/ld+json\" class=\"yoast-schema-graph\">{\"@context\":\"https:\/\/schema.org\",\"@graph\":[{\"@type\":\"WebPage\",\"@id\":\"https:\/\/gracialive.be\/fr\/jill-scott-vip-2026\/\",\"url\":\"https:\/\/gracialive.be\/fr\/jill-scott-vip-2026\/\",\"name\":\"Jill Scott - VIP Packages - Gracia Live\",\"isPartOf\":{\"@id\":\"https:\/\/gracialive.be\/#website\"},\"datePublished\":\"2026-03-09T16:46:32+00:00\",\"dateModified\":\"2026-03-09T22:18:12+00:00\",\"breadcrumb\":{\"@id\":\"https:\/\/gracialive.be\/fr\/jill-scott-vip-2026\/#breadcrumb\"},\"inLanguage\":\"fr-FR\",\"potentialAction\":[{\"@type\":\"ReadAction\",\"target\":[\"https:\/\/gracialive.be\/fr\/jill-scott-vip-2026\/\"]}]},{\"@type\":\"BreadcrumbList\",\"@id\":\"https:\/\/gracialive.be\/fr\/jill-scott-vip-2026\/#breadcrumb\",\"itemListElement\":[{\"@type\":\"ListItem\",\"position\":1,\"name\":\"Home\",\"item\":\"https:\/\/gracialive.be\/fr\/\"},{\"@type\":\"ListItem\",\"position\":2,\"name\":\"Jill Scott &#8211; VIP Packages\"}]},{\"@type\":\"WebSite\",\"@id\":\"https:\/\/gracialive.be\/#website\",\"url\":\"https:\/\/gracialive.be\/\",\"name\":\"Gracia Live\",\"description\":\"Concert en Event Promotor Belgium\",\"publisher\":{\"@id\":\"https:\/\/gracialive.be\/#organization\"},\"potentialAction\":[{\"@type\":\"SearchAction\",\"target\":{\"@type\":\"EntryPoint\",\"urlTemplate\":\"https:\/\/gracialive.be\/?s={search_term_string}\"},\"query-input\":\"required name=search_term_string\"}],\"inLanguage\":\"fr-FR\"},{\"@type\":\"Organization\",\"@id\":\"https:\/\/gracialive.be\/#organization\",\"name\":\"Gracia Live\",\"url\":\"https:\/\/gracialive.be\/\",\"logo\":{\"@type\":\"ImageObject\",\"inLanguage\":\"fr-FR\",\"@id\":\"https:\/\/gracialive.be\/#\/schema\/logo\/image\/\",\"url\":\"https:\/\/gracialive.be\/wp-content\/uploads\/2022\/01\/cropped-GL-500x300_zwart.png\",\"contentUrl\":\"https:\/\/gracialive.be\/wp-content\/uploads\/2022\/01\/cropped-GL-500x300_zwart.png\",\"width\":512,\"height\":512,\"caption\":\"Gracia Live\"},\"image\":{\"@id\":\"https:\/\/gracialive.be\/#\/schema\/logo\/image\/\"},\"sameAs\":[\"https:\/\/www.facebook.com\/gracialivebelgium\",\"https:\/\/twitter.com\/GRACIALIVEBEL\",\"https:\/\/www.instagram.com\/gracialive_belgium\/\"]}]}<\/script>\n<!-- \/ Yoast SEO Premium plugin. -->","yoast_head_json":{"title":"Jill Scott - VIP Packages - Gracia Live","robots":{"index":"index","follow":"follow","max-snippet":"max-snippet:-1","max-image-preview":"max-image-preview:large","max-video-preview":"max-video-preview:-1"},"canonical":"https:\/\/gracialive.be\/fr\/jill-scott-vip-2026\/","og_locale":"fr_FR","og_type":"article","og_title":"Jill Scott - VIP Packages","og_description":"Sur cette page, vous trouverez toutes les informations sur les packages VIP pour le concert de Jill Scott le lundi 5 octobre 2026 au Bozar \u00e0 Bruxelles. Ces exp\u00e9riences VIP sont organis\u00e9es et propos\u00e9es par Please &amp; Thank You. Vous trouverez ici tous les d\u00e9tails sur le contenu des packages, les conditions g\u00e9n\u00e9rales et le &hellip; Continuer la lecture \u00ab\u00a0Jill Scott &#8211; VIP Packages\u00a0\u00bb","og_url":"https:\/\/gracialive.be\/fr\/jill-scott-vip-2026\/","og_site_name":"Gracia Live","article_publisher":"https:\/\/www.facebook.com\/gracialivebelgium","article_modified_time":"2026-03-09T22:18:12+00:00","og_image":[{"url":"https:\/\/gracialive.be\/wp-content\/uploads\/2026\/03\/js-mail-fr.jpg"}],"twitter_card":"summary_large_image","twitter_site":"@GRACIALIVEBEL","twitter_misc":{"Dur\u00e9e de lecture estim\u00e9e":"3 minutes"},"schema":{"@context":"https:\/\/schema.org","@graph":[{"@type":"WebPage","@id":"https:\/\/gracialive.be\/fr\/jill-scott-vip-2026\/","url":"https:\/\/gracialive.be\/fr\/jill-scott-vip-2026\/","name":"Jill Scott - VIP Packages - Gracia Live","isPartOf":{"@id":"https:\/\/gracialive.be\/#website"},"datePublished":"2026-03-09T16:46:32+00:00","dateModified":"2026-03-09T22:18:12+00:00","breadcrumb":{"@id":"https:\/\/gracialive.be\/fr\/jill-scott-vip-2026\/#breadcrumb"},"inLanguage":"fr-FR","potentialAction":[{"@type":"ReadAction","target":["https:\/\/gracialive.be\/fr\/jill-scott-vip-2026\/"]}]},{"@type":"BreadcrumbList","@id":"https:\/\/gracialive.be\/fr\/jill-scott-vip-2026\/#breadcrumb","itemListElement":[{"@type":"ListItem","position":1,"name":"Home","item":"https:\/\/gracialive.be\/fr\/"},{"@type":"ListItem","position":2,"name":"Jill Scott &#8211; VIP Packages"}]},{"@type":"WebSite","@id":"https:\/\/gracialive.be\/#website","url":"https:\/\/gracialive.be\/","name":"Gracia Live","description":"Concert en Event Promotor Belgium","publisher":{"@id":"https:\/\/gracialive.be\/#organization"},"potentialAction":[{"@type":"SearchAction","target":{"@type":"EntryPoint","urlTemplate":"https:\/\/gracialive.be\/?s={search_term_string}"},"query-input":"required name=search_term_string"}],"inLanguage":"fr-FR"},{"@type":"Organization","@id":"https:\/\/gracialive.be\/#organization","name":"Gracia Live","url":"https:\/\/gracialive.be\/","logo":{"@type":"ImageObject","inLanguage":"fr-FR","@id":"https:\/\/gracialive.be\/#\/schema\/logo\/image\/","url":"https:\/\/gracialive.be\/wp-content\/uploads\/2022\/01\/cropped-GL-500x300_zwart.png","contentUrl":"https:\/\/gracialive.be\/wp-content\/uploads\/2022\/01\/cropped-GL-500x300_zwart.png","width":512,"height":512,"caption":"Gracia Live"},"image":{"@id":"https:\/\/gracialive.be\/#\/schema\/logo\/image\/"},"sameAs":["https:\/\/www.facebook.com\/gracialivebelgium","https:\/\/twitter.com\/GRACIALIVEBEL","https:\/\/www.instagram.com\/gracialive_belgium\/"]}]}},"acf":[],"_links":{"self":[{"href":"https:\/\/gracialive.be\/fr\/wp-json\/wp\/v2\/pages\/129801"}],"collection":[{"href":"https:\/\/gracialive.be\/fr\/wp-json\/wp\/v2\/pages"}],"about":[{"href":"https:\/\/gracialive.be\/fr\/wp-json\/wp\/v2\/types\/page"}],"author":[{"embeddable":true,"href":"https:\/\/gracialive.be\/fr\/wp-json\/wp\/v2\/users\/20"}],"replies":[{"embeddable":true,"href":"https:\/\/gracialive.be\/fr\/wp-json\/wp\/v2\/comments?post=129801"}],"version-history":[{"count":7,"href":"https:\/\/gracialive.be\/fr\/wp-json\/wp\/v2\/pages\/129801\/revisions"}],"predecessor-version":[{"id":129819,"href":"https:\/\/gracialive.be\/fr\/wp-json\/wp\/v2\/pages\/129801\/revisions\/129819"}],"wp:attachment":[{"href":"https:\/\/gracialive.be\/fr\/wp-json\/wp\/v2\/media?parent=129801"}],"curies":[{"name":"wp","href":"https:\/\/api.w.org\/{rel}","templated":true}]}}